{"id":98364,"date":"2022-05-23T14:20:44","date_gmt":"2022-05-23T12:20:44","guid":{"rendered":"https:\/\/www.myes.school\/careers\/"},"modified":"2025-07-15T12:47:34","modified_gmt":"2025-07-15T10:47:34","slug":"job","status":"publish","type":"page","link":"https:\/\/www.myes.school\/fr\/job\/","title":{"rendered":"Offres d\u2019emploi"},"content":{"rendered":"\t\t<div data-elementor-type=\"wp-page\" data-elementor-id=\"98364\" class=\"elementor elementor-98364 elementor-80964\" data-elementor-post-type=\"page\">\n\t\t\t\t\t\t<section class=\"elementor-section elementor-top-section elementor-element elementor-element-67e1cb7 elementor-section-boxed elementor-section-height-default elementor-section-height-default\" data-id=\"67e1cb7\" data-element_type=\"section\" data-settings=\"{&quot;jet_parallax_layout_list&quot;:[]}\">\n\t\t\t\t\t\t<div class=\"elementor-container elementor-column-gap-default\">\n\t\t\t\t\t<div class=\"elementor-column elementor-col-100 elementor-top-column elementor-element elementor-element-4ca764b\" data-id=\"4ca764b\" data-element_type=\"column\">\n\t\t\t<div class=\"elementor-widget-wrap elementor-element-populated\">\n\t\t\t\t\t\t<div class=\"elementor-element elementor-element-7f4f88a elementor-widget elementor-widget-heading\" data-id=\"7f4f88a\" data-element_type=\"widget\" data-widget_type=\"heading.default\">\n\t\t\t\t<div class=\"elementor-widget-container\">\n\t\t\t\t\t<h2 class=\"elementor-heading-title elementor-size-default\">REJOIGNEZ-NOUS\n<\/h2>\t\t\t\t<\/div>\n\t\t\t\t<\/div>\n\t\t\t\t<div class=\"elementor-element elementor-element-05e973c elementor-widget elementor-widget-spacer\" data-id=\"05e973c\" data-element_type=\"widget\" data-widget_type=\"spacer.default\">\n\t\t\t\t<div class=\"elementor-widget-container\">\n\t\t\t\t\t\t\t<div class=\"elementor-spacer\">\n\t\t\t<div class=\"elementor-spacer-inner\"><\/div>\n\t\t<\/div>\n\t\t\t\t\t\t<\/div>\n\t\t\t\t<\/div>\n\t\t\t\t<div class=\"elementor-element elementor-element-f33c5da elementor-widget elementor-widget-text-editor\" data-id=\"f33c5da\" data-element_type=\"widget\" data-widget_type=\"text-editor.default\">\n\t\t\t\t<div class=\"elementor-widget-container\">\n\t\t\t\t\t\t\t\t\t<p style=\"font-size: 18px; font-family: Montserrat; font-weight: 400; font-style: normal;\">My English School vous propose un environnement de travail id\u00e9al : informel, jeune et dynamique !<\/p>\n<p style=\"font-size: 18px; font-family: Montserrat; font-weight: 400; font-style: normal;\">Nous sommes constamment \u00e0 la recherche de nouveaux collaborateurs motiv\u00e9s et exp\u00e9riment\u00e9s, alors n\u2019h\u00e9sitez pas \u00e0 nous faire parvenir votre CV ! Si votre profil correspond \u00e0 l\u2019un des postes propos\u00e9s, vous serez recontact\u00e9 par notre \u00e9quipe.<\/p>\t\t\t\t\t\t\t\t<\/div>\n\t\t\t\t<\/div>\n\t\t\t\t<div class=\"elementor-element elementor-element-62e2f2d elementor-widget elementor-widget-spacer\" data-id=\"62e2f2d\" data-element_type=\"widget\" data-widget_type=\"spacer.default\">\n\t\t\t\t<div class=\"elementor-widget-container\">\n\t\t\t\t\t\t\t<div class=\"elementor-spacer\">\n\t\t\t<div class=\"elementor-spacer-inner\"><\/div>\n\t\t<\/div>\n\t\t\t\t\t\t<\/div>\n\t\t\t\t<\/div>\n\t\t\t\t\t<\/div>\n\t\t<\/div>\n\t\t\t\t\t<\/div>\n\t\t<\/section>\n\t\t\t\t<section class=\"elementor-section elementor-top-section elementor-element elementor-element-3b51cab elementor-section-boxed elementor-section-height-default elementor-section-height-default\" data-id=\"3b51cab\" data-element_type=\"section\" data-settings=\"{&quot;jet_parallax_layout_list&quot;:[]}\">\n\t\t\t\t\t\t<div class=\"elementor-container elementor-column-gap-default\">\n\t\t\t\t\t<div class=\"elementor-column elementor-col-100 elementor-top-column elementor-element elementor-element-03c79a7\" data-id=\"03c79a7\" data-element_type=\"column\">\n\t\t\t<div class=\"elementor-widget-wrap elementor-element-populated\">\n\t\t\t\t\t\t<div class=\"elementor-element elementor-element-8b80ae7 elementor-view-default elementor-widget elementor-widget-wgl-toggle-accordion\" data-id=\"8b80ae7\" data-element_type=\"widget\" data-widget_type=\"wgl-toggle-accordion.default\">\n\t\t\t\t<div class=\"elementor-widget-container\">\n\t\t\t\t\t<div class=\"wgl-accordion icon-plus\" id=\"wgl-accordion-8b80ae7\" data-type=\"accordion\"><div class=\"wgl-accordion_panel\"><h4 id=\"wgl-accordion_header-1461\" class=\"wgl-accordion_header\" data-default=\"\"><span class=\"wgl-accordion_title\">IN SCHOOL TEACHER<\/span><i class=\"wgl-accordion_icon elementor-icon \"><\/i><\/h4><div class=\"wgl-accordion_content\"><p><span>My English School is a network of schools across France and we are regularly looking for English Teachers to join our young, dynamic and motivated teaching team.<\/span><\/p><p><span> Our teachers hold CELTA or TEFL certificates and have excellent people skills. We are looking for student-centered and enthusiastic teachers with different levels of experience. We provide full training in our teaching method as well as ongoing professional development. If you are interested in teaching in France, then please fill out our online HR questionnaire. If there is a suitable position, you will be contacted by one of our schools.<\/span><\/p><div style=\"text-align: end;\"><a href=\"https:\/\/forms.gle\/1u9jUFWy3hL7Qog77\" target=\"_blank\" rel=\"noopener\"><strong><span style=\"text-decoration: underline;\">APPLY<\/span><\/strong><\/a><\/div><\/div><\/div><div class=\"wgl-accordion_panel\"><h4 id=\"wgl-accordion_header-1462\" class=\"wgl-accordion_header\" data-default=\"\"><span class=\"wgl-accordion_title\">ONLINE TEACHER<\/span><i class=\"wgl-accordion_icon elementor-icon \"><\/i><\/h4><div class=\"wgl-accordion_content\"><p><span>My English School is a network of schools across France and also provides online courses.<br \/><\/span><\/p><p><span>We are regularly looking for English Teachers to join our young, dynamic and motivated teaching team. Our teachers hold CELTA or TEFL certificates and have excellent people skills. We are looking for student-centered and enthusiastic teachers with different levels of experience. We provide full training in our teaching method as well as ongoing professional development. If you are interested in teaching online, then please fill out our online HR questionnaire.\u00a0<\/span><\/p><div style=\"text-align: end;\"><a href=\"https:\/\/forms.gle\/1u9jUFWy3hL7Qog77\" target=\"_blank\" rel=\"noopener\" data-wplink-edit=\"true\"><strong><span style=\"text-decoration: underline;\">APPLY<\/span><\/strong><\/a><\/div><\/div><\/div><div class=\"wgl-accordion_panel\"><h4 id=\"wgl-accordion_header-1463\" class=\"wgl-accordion_header\" data-default=\"\"><span class=\"wgl-accordion_title\">IN COMPANY TEACHER<\/span><i class=\"wgl-accordion_icon elementor-icon \"><\/i><\/h4><div class=\"wgl-accordion_content\"><p><span>My English School is looking for a Business Teacher to teach in companies. You should be a qualified teacher and have at least one year\u2019s teaching experience, preferably in a business environment. <\/span><\/p><p><span>There is the opportunity to build up a full timetable of company and in-school work for the right candidate. You must have a TEFL or CELTA certificate and be native speaker or a speaker of English from a young age. A competitive hourly rate, bonus for teaching in company, and opportunity for growth within a fast-growing company.<\/span><\/p><div style=\"text-align: end;\"><span style=\"text-decoration: underline;\"><a href=\"https:\/\/forms.gle\/1u9jUFWy3hL7Qog77\" target=\"_blank\" rel=\"noopener\"><strong>APPLY<\/strong><\/a><\/span><\/div><\/div><\/div><div class=\"wgl-accordion_panel\"><h4 id=\"wgl-accordion_header-1464\" class=\"wgl-accordion_header\" data-default=\"\"><span class=\"wgl-accordion_title\">CONSULTANT(E) COMMERCIAL(E) - DIJON<\/span><i class=\"wgl-accordion_icon elementor-icon \"><\/i><\/h4><div class=\"wgl-accordion_content\"><div class=\"p-rich_text_section\">Nous recherchons \u00e0 Dijon un(e) consultant(e) commerciale pour venir compl\u00e9ter notre<span>\u00a0<\/span><i data-stringify-type=\"italic\">family<\/i>.<\/div><div>\u00a0<\/div><div class=\"p-rich_text_section\">Rattach\u00e9(e) au Directeur Op\u00e9rationnel, vous \u00eates le premier interlocuteur de nos apprenants, et donc, le<span>\u00a0<\/span><b data-stringify-type=\"bold\">premier repr\u00e9sentant de notre soci\u00e9t\u00e9<\/b>.<\/div><div class=\"p-rich_text_section\">Vous assurez le bon fonctionnement du centre en effectuant les t\u00e2ches suivantes :<\/div><ul class=\"p-rich_text_list p-rich_text_list__bullet\" data-stringify-type=\"unordered-list\" data-indent=\"0\" data-border=\"0\"><li data-stringify-indent=\"0\" data-stringify-border=\"0\">Ouvrir et fermer le centre<\/li><li data-stringify-indent=\"0\" data-stringify-border=\"0\">Conseiller et commercialiser des parcours de formation \u00e0 l\u2019anglais<\/li><li data-stringify-indent=\"0\" data-stringify-border=\"0\">Accueillir, accompagner et faire le suivi des potentiels stagiaires\/stagiaires actuels et\/ou visiteurs,<\/li><li data-stringify-indent=\"0\" data-stringify-border=\"0\">G\u00e9rer les dossiers de financement ainsi que les relances aupr\u00e8s des organismes financeurs (OPCO, France Travail, Caisse des D\u00e9p\u00f4ts\u2026)<\/li><li data-stringify-indent=\"0\" data-stringify-border=\"0\">D\u00e9velopper l'activit\u00e9 aupr\u00e8s de prospects<\/li><li data-stringify-indent=\"0\" data-stringify-border=\"0\">Participer aux \u00e9v\u00e9nements du centre<\/li><li data-stringify-indent=\"0\" data-stringify-border=\"0\">Promouvoir notre offre de formation \u00e0 l\u2019anglais<\/li><\/ul><div class=\"p-rich_text_section\"><i data-stringify-type=\"italic\">Votre Profil :<\/i><\/div><ul><li class=\"p-rich_text_section\">Vous \u00e9voluez au sein d'une \u00e9quipe sous la responsabilit\u00e9 du directeur de centre.<\/li><li class=\"p-rich_text_section\">Vous disposez d'un<span>\u00a0<\/span><b data-stringify-type=\"bold\">bon niveau d'anglais<\/b>, et d'une premi\u00e8re exp\u00e9rience r\u00e9ussie en vente de produits ou de services sur une cible BtoC\/BtoB.<\/li><li class=\"p-rich_text_section\">Vous maitrisez la relation client et les techniques de prospection.<\/li><li class=\"p-rich_text_section\">Vous faites la diff\u00e9rence par votre sens du contact, votre relationnel et votre capacit\u00e9 organisationnelle.<\/li><\/ul><div class=\"p-rich_text_section\">Poste est \u00e0 pourvoir d\u00e8s que possible<\/div><div>\u00a0<\/div><div class=\"p-rich_text_section\">Notre offre vous int\u00e9resse ? Vous \u00eates motiv\u00e9(e), dynamique et avez envie de mettre vos comp\u00e9tences au service d\u2019une \u00e9quipe enthousiaste ? Rejoignez nous !<\/div><div>\u00a0<\/div><ul><li class=\"p-rich_text_section\">Type d'emploi : CDI<\/li><li>En pr\u00e9sentiel\u00a0<span aria-label=\"\" class=\"c-mrkdwn__br\" data-stringify-type=\"paragraph-break\"><\/span><\/li><\/ul><div style=\"text-align: end;\"><a href=\"mailto:anthony.guillotin@myes.fr\" target=\"_blank\" rel=\"noopener\"><strong><span style=\"text-decoration: underline;\">ENVOYER MA CANDIDATURE<\/span><\/strong><\/a><\/div><\/div><\/div><div class=\"wgl-accordion_panel\"><h4 id=\"wgl-accordion_header-1465\" class=\"wgl-accordion_header\" data-default=\"\"><span class=\"wgl-accordion_title\">CONSULTANT(E) COMMERCIAL(E) - PARIS<\/span><i class=\"wgl-accordion_icon elementor-icon \"><\/i><\/h4><div class=\"wgl-accordion_content\"><div class=\"p-rich_text_section\">Dans le cadre du d\u00e9veloppement de notre activit\u00e9 dans le nouveau centre MyES \u00e0 Paris Op\u00e9ra, nous sommes \u00e0 la recherche d\u2019un(e) consultant(e) commerciale pour venir compl\u00e9ter notre<span>\u00a0<\/span><i data-stringify-type=\"italic\">family<\/i>.<\/div><div class=\"p-rich_text_section\">Rattach\u00e9(e) au Directeur de Centre, vous \u00eates le premier interlocuteur de nos stagiaires, et donc, le<span>\u00a0<\/span><b data-stringify-type=\"bold\">premier repr\u00e9sentant de notre soci\u00e9t\u00e9<\/b>.<\/div><div class=\"p-rich_text_section\">Vous assurez le bon fonctionnement du centre en effectuant les t\u00e2ches suivantes :<\/div><ul class=\"p-rich_text_list p-rich_text_list__bullet\" data-stringify-type=\"unordered-list\" data-indent=\"0\" data-border=\"0\"><li data-stringify-indent=\"0\" data-stringify-border=\"0\">Ouvrir et fermer le centre<\/li><li data-stringify-indent=\"0\" data-stringify-border=\"0\">Conseiller et commercialiser des parcours de formation \u00e0 l\u2019anglais<\/li><li data-stringify-indent=\"0\" data-stringify-border=\"0\">Accueillir, accompagner et faire le suivi des potentiels stagiaires\/stagiaires actuels et\/ou visiteurs,<\/li><li data-stringify-indent=\"0\" data-stringify-border=\"0\">G\u00e9rer les dossiers de financement ainsi que les relances aupr\u00e8s des organismes financeurs (OPCO, France Travail, Caisse des D\u00e9p\u00f4ts\u2026)<\/li><li data-stringify-indent=\"0\" data-stringify-border=\"0\">D\u00e9velopper l'activit\u00e9 aupr\u00e8s de prospects<\/li><li data-stringify-indent=\"0\" data-stringify-border=\"0\">Participer aux \u00e9v\u00e9nements du centre<\/li><li data-stringify-indent=\"0\" data-stringify-border=\"0\">Promouvoir notre offre de formation \u00e0 l\u2019anglais<\/li><\/ul><div class=\"p-rich_text_section\"><i data-stringify-type=\"italic\">Votre Profil :<\/i><\/div><ul><li class=\"p-rich_text_section\">Vous \u00e9voluez au sein d'une \u00e9quipe sous la responsabilit\u00e9 du directeur de centre.<\/li><li class=\"p-rich_text_section\">Vous disposez d'un<span>\u00a0<\/span><b data-stringify-type=\"bold\">bon niveau d'anglais<\/b>, et d'une premi\u00e8re exp\u00e9rience r\u00e9ussie en vente de produits ou de services sur une cible BtoC\/BtoB.<\/li><li class=\"p-rich_text_section\">Vous maitrisez la relation client et les techniques de prospection.<\/li><li class=\"p-rich_text_section\">Vous faites la diff\u00e9rence par votre sens du contact, votre relationnel et votre capacit\u00e9 organisationnelle.<\/li><\/ul><div class=\"p-rich_text_section\">Poste est \u00e0 pourvoir d\u00e8s le<span>\u00a0<\/span><b data-stringify-type=\"bold\">01\/09\/2025<\/b>.<\/div><div>\u00a0<\/div><div class=\"p-rich_text_section\">Notre offre vous int\u00e9resse ? Vous \u00eates motiv\u00e9(e), dynamique et avez envie de mettre vos comp\u00e9tences au service d\u2019une \u00e9quipe enthousiaste ? Rejoignez nous !<\/div><div>\u00a0<\/div><ul><li class=\"p-rich_text_section\">Type d'emploi : CDI<\/li><li>En pr\u00e9sentiel \u00e0 Paris Op\u00e9ra<\/li><li><span aria-label=\"\" class=\"c-mrkdwn__br\" data-stringify-type=\"paragraph-break\"><\/span>Salaire : 26 800\u20ac \u00e0 30 400\u20ac par an + Primes<\/li><li class=\"p-rich_text_section\">Prise en charge du transport quotidien<\/li><\/ul><div class=\"p-rich_text_section\"><div class=\"p-rich_text_section\"><strong>Date limite de candidature : 15\/08\/2025<\/strong><\/div><div>\u00a0<\/div><\/div><div><div style=\"text-align: end;\"><span style=\"text-decoration: underline;\"><a href=\"mailto:anthony.guillotin@myes.fr\" target=\"_blank\" rel=\"noopener\"><strong>ENVOYER MA CANDIDATURE<\/strong><\/a><\/span><\/div><\/div><\/div><\/div><\/div>\t\t\t\t<\/div>\n\t\t\t\t<\/div>\n\t\t\t\t\t<\/div>\n\t\t<\/div>\n\t\t\t\t\t<\/div>\n\t\t<\/section>\n\t\t\t\t<section class=\"elementor-section elementor-top-section elementor-element elementor-element-dc3bdfa elementor-section-boxed elementor-section-height-default elementor-section-height-default\" data-id=\"dc3bdfa\" data-element_type=\"section\" data-settings=\"{&quot;jet_parallax_layout_list&quot;:[]}\">\n\t\t\t\t\t\t<div class=\"elementor-container elementor-column-gap-default\">\n\t\t\t\t\t<div class=\"elementor-column elementor-col-100 elementor-top-column elementor-element elementor-element-533c8ef\" data-id=\"533c8ef\" data-element_type=\"column\">\n\t\t\t<div class=\"elementor-widget-wrap elementor-element-populated\">\n\t\t\t\t\t\t<div class=\"elementor-element elementor-element-f5ca5da acenter elementor-widget elementor-widget-wgl-button\" data-id=\"f5ca5da\" data-element_type=\"widget\" data-widget_type=\"wgl-button.default\">\n\t\t\t\t<div class=\"elementor-widget-container\">\n\t\t\t\t\t<div class=\"button-wrapper\"><a  class=\"wgl-button btn-size-lg \" role=\"button\" href=\"https:\/\/forms.gle\/1u9jUFWy3hL7Qog77\"><div class=\"button-content-wrapper \"><span class=\"wgl-button-text\">CANDIDATURE SPONTAN\u00c9E<\/span><\/div><\/a><\/div>\t\t\t\t<\/div>\n\t\t\t\t<\/div>\n\t\t\t\t\t<\/div>\n\t\t<\/div>\n\t\t\t\t\t<\/div>\n\t\t<\/section>\n\t\t\t\t<\/div>\n\t\t","protected":false},"excerpt":{"rendered":"<p>REJOIGNEZ-NOUS My English School vous propose un environnement de travail id\u00e9al : informel, jeune et dynamique ! Nous sommes constamment \u00e0 la recherche de nouveaux collaborateurs motiv\u00e9s et exp\u00e9riment\u00e9s, alors n\u2019h\u00e9sitez pas \u00e0 nous faire parvenir votre CV ! Si votre profil correspond \u00e0 l\u2019un des postes propos\u00e9s, vous serez recontact\u00e9 par notre \u00e9quipe. IN [&hellip;]<\/p>\n","protected":false},"author":30,"featured_media":0,"parent":0,"menu_order":0,"comment_status":"closed","ping_status":"closed","template":"","meta":{"_acf_changed":false,"footnotes":""},"class_list":["post-98364","page","type-page","status-publish","hentry"],"acf":[],"yoast_head":"<!-- This site is optimized with the Yoast SEO Premium plugin v26.4 (Yoast SEO v26.4) - https:\/\/yoast.com\/wordpress\/plugins\/seo\/ -->\n<title>Offres d\u2019emploi - My English School\u2122<\/title>\n<meta name=\"description\" content=\"Vous souhaitez rejoindre notre famille et travailler \u00e0 My English School ? Vous trouverez ici nos diff\u00e9rentes offres d&#039;emploi.\" \/>\n<meta name=\"robots\" content=\"index, follow, max-snippet:-1, max-image-preview:large, max-video-preview:-1\" \/>\n<meta property=\"og:locale\" content=\"fr_FR\" \/>\n<meta property=\"og:type\" content=\"article\" \/>\n<meta property=\"og:title\" content=\"Offres d\u2019emploi\" \/>\n<meta property=\"og:description\" content=\"Vous souhaitez rejoindre notre famille et travailler \u00e0 My English School ? Vous trouverez ici nos diff\u00e9rentes offres d&#039;emploi.\" \/>\n<meta property=\"og:url\" content=\"https:\/\/www.myes.school\/fr\/job\/\" \/>\n<meta property=\"og:site_name\" content=\"My English School\u2122\" \/>\n<meta property=\"article:publisher\" content=\"https:\/\/www.facebook.com\/MyEnglishSchool\" \/>\n<meta property=\"article:modified_time\" content=\"2025-07-15T10:47:34+00:00\" \/>\n<meta name=\"twitter:card\" content=\"summary_large_image\" \/>\n<meta name=\"twitter:label1\" content=\"Dur\u00e9e de lecture estim\u00e9e\" \/>\n\t<meta name=\"twitter:data1\" content=\"1 minute\" \/>\n<script type=\"application\/ld+json\" class=\"yoast-schema-graph\">{\"@context\":\"https:\/\/schema.org\",\"@graph\":[{\"@type\":\"WebPage\",\"@id\":\"https:\/\/www.myes.school\/fr\/job\/\",\"url\":\"https:\/\/www.myes.school\/fr\/job\/\",\"name\":\"Offres d\u2019emploi - My English School\u2122\",\"isPartOf\":{\"@id\":\"https:\/\/www.myes.school\/fr\/#website\"},\"datePublished\":\"2022-05-23T12:20:44+00:00\",\"dateModified\":\"2025-07-15T10:47:34+00:00\",\"description\":\"Vous souhaitez rejoindre notre famille et travailler \u00e0 My English School ? Vous trouverez ici nos diff\u00e9rentes offres d'emploi.\",\"breadcrumb\":{\"@id\":\"https:\/\/www.myes.school\/fr\/job\/#breadcrumb\"},\"inLanguage\":\"fr-FR\",\"potentialAction\":[{\"@type\":\"ReadAction\",\"target\":[\"https:\/\/www.myes.school\/fr\/job\/\"]}]},{\"@type\":\"BreadcrumbList\",\"@id\":\"https:\/\/www.myes.school\/fr\/job\/#breadcrumb\",\"itemListElement\":[{\"@type\":\"ListItem\",\"position\":1,\"name\":\"Home\",\"item\":\"https:\/\/www.myes.school\/fr\/\"},{\"@type\":\"ListItem\",\"position\":2,\"name\":\"Offres d\u2019emploi\"}]},{\"@type\":\"WebSite\",\"@id\":\"https:\/\/www.myes.school\/fr\/#website\",\"url\":\"https:\/\/www.myes.school\/fr\/\",\"name\":\"My English School\u2122\",\"description\":\"\",\"publisher\":{\"@id\":\"https:\/\/www.myes.school\/fr\/#organization\"},\"potentialAction\":[{\"@type\":\"SearchAction\",\"target\":{\"@type\":\"EntryPoint\",\"urlTemplate\":\"https:\/\/www.myes.school\/fr\/?s={search_term_string}\"},\"query-input\":{\"@type\":\"PropertyValueSpecification\",\"valueRequired\":true,\"valueName\":\"search_term_string\"}}],\"inLanguage\":\"fr-FR\"},{\"@type\":\"Organization\",\"@id\":\"https:\/\/www.myes.school\/fr\/#organization\",\"name\":\"My English School\u2122\",\"url\":\"https:\/\/www.myes.school\/fr\/\",\"logo\":{\"@type\":\"ImageObject\",\"inLanguage\":\"fr-FR\",\"@id\":\"https:\/\/www.myes.school\/fr\/#\/schema\/logo\/image\/\",\"url\":\"https:\/\/www.myes.school\/wp-content\/uploads\/2023\/12\/Logo-MyES-Square.png\",\"contentUrl\":\"https:\/\/www.myes.school\/wp-content\/uploads\/2023\/12\/Logo-MyES-Square.png\",\"width\":1080,\"height\":1080,\"caption\":\"My English School\u2122\"},\"image\":{\"@id\":\"https:\/\/www.myes.school\/fr\/#\/schema\/logo\/image\/\"},\"sameAs\":[\"https:\/\/www.facebook.com\/MyEnglishSchool\"]}]}<\/script>\n<!-- \/ Yoast SEO Premium plugin. -->","yoast_head_json":{"title":"Offres d\u2019emploi - My English School\u2122","description":"Vous souhaitez rejoindre notre famille et travailler \u00e0 My English School ? Vous trouverez ici nos diff\u00e9rentes offres d'emploi.","robots":{"index":"index","follow":"follow","max-snippet":"max-snippet:-1","max-image-preview":"max-image-preview:large","max-video-preview":"max-video-preview:-1"},"og_locale":"fr_FR","og_type":"article","og_title":"Offres d\u2019emploi","og_description":"Vous souhaitez rejoindre notre famille et travailler \u00e0 My English School ? Vous trouverez ici nos diff\u00e9rentes offres d'emploi.","og_url":"https:\/\/www.myes.school\/fr\/job\/","og_site_name":"My English School\u2122","article_publisher":"https:\/\/www.facebook.com\/MyEnglishSchool","article_modified_time":"2025-07-15T10:47:34+00:00","twitter_card":"summary_large_image","twitter_misc":{"Dur\u00e9e de lecture estim\u00e9e":"1 minute"},"schema":{"@context":"https:\/\/schema.org","@graph":[{"@type":"WebPage","@id":"https:\/\/www.myes.school\/fr\/job\/","url":"https:\/\/www.myes.school\/fr\/job\/","name":"Offres d\u2019emploi - My English School\u2122","isPartOf":{"@id":"https:\/\/www.myes.school\/fr\/#website"},"datePublished":"2022-05-23T12:20:44+00:00","dateModified":"2025-07-15T10:47:34+00:00","description":"Vous souhaitez rejoindre notre famille et travailler \u00e0 My English School ? Vous trouverez ici nos diff\u00e9rentes offres d'emploi.","breadcrumb":{"@id":"https:\/\/www.myes.school\/fr\/job\/#breadcrumb"},"inLanguage":"fr-FR","potentialAction":[{"@type":"ReadAction","target":["https:\/\/www.myes.school\/fr\/job\/"]}]},{"@type":"BreadcrumbList","@id":"https:\/\/www.myes.school\/fr\/job\/#breadcrumb","itemListElement":[{"@type":"ListItem","position":1,"name":"Home","item":"https:\/\/www.myes.school\/fr\/"},{"@type":"ListItem","position":2,"name":"Offres d\u2019emploi"}]},{"@type":"WebSite","@id":"https:\/\/www.myes.school\/fr\/#website","url":"https:\/\/www.myes.school\/fr\/","name":"My English School\u2122","description":"","publisher":{"@id":"https:\/\/www.myes.school\/fr\/#organization"},"potentialAction":[{"@type":"SearchAction","target":{"@type":"EntryPoint","urlTemplate":"https:\/\/www.myes.school\/fr\/?s={search_term_string}"},"query-input":{"@type":"PropertyValueSpecification","valueRequired":true,"valueName":"search_term_string"}}],"inLanguage":"fr-FR"},{"@type":"Organization","@id":"https:\/\/www.myes.school\/fr\/#organization","name":"My English School\u2122","url":"https:\/\/www.myes.school\/fr\/","logo":{"@type":"ImageObject","inLanguage":"fr-FR","@id":"https:\/\/www.myes.school\/fr\/#\/schema\/logo\/image\/","url":"https:\/\/www.myes.school\/wp-content\/uploads\/2023\/12\/Logo-MyES-Square.png","contentUrl":"https:\/\/www.myes.school\/wp-content\/uploads\/2023\/12\/Logo-MyES-Square.png","width":1080,"height":1080,"caption":"My English School\u2122"},"image":{"@id":"https:\/\/www.myes.school\/fr\/#\/schema\/logo\/image\/"},"sameAs":["https:\/\/www.facebook.com\/MyEnglishSchool"]}]}},"_links":{"self":[{"href":"https:\/\/www.myes.school\/fr\/wp-json\/wp\/v2\/pages\/98364","targetHints":{"allow":["GET"]}}],"collection":[{"href":"https:\/\/www.myes.school\/fr\/wp-json\/wp\/v2\/pages"}],"about":[{"href":"https:\/\/www.myes.school\/fr\/wp-json\/wp\/v2\/types\/page"}],"author":[{"embeddable":true,"href":"https:\/\/www.myes.school\/fr\/wp-json\/wp\/v2\/users\/30"}],"replies":[{"embeddable":true,"href":"https:\/\/www.myes.school\/fr\/wp-json\/wp\/v2\/comments?post=98364"}],"version-history":[{"count":100,"href":"https:\/\/www.myes.school\/fr\/wp-json\/wp\/v2\/pages\/98364\/revisions"}],"predecessor-version":[{"id":186962,"href":"https:\/\/www.myes.school\/fr\/wp-json\/wp\/v2\/pages\/98364\/revisions\/186962"}],"wp:attachment":[{"href":"https:\/\/www.myes.school\/fr\/wp-json\/wp\/v2\/media?parent=98364"}],"curies":[{"name":"wp","href":"https:\/\/api.w.org\/{rel}","templated":true}]}}