{"id":103007,"date":"2022-05-02T10:32:42","date_gmt":"2022-05-02T08:32:42","guid":{"rendered":"https:\/\/www.myes.school\/companyentrytest\/"},"modified":"2023-04-27T14:54:02","modified_gmt":"2023-04-27T12:54:02","slug":"companyentrytest","status":"publish","type":"page","link":"https:\/\/www.myes.school\/fr\/companyentrytest\/","title":{"rendered":"Company Entry Test"},"content":{"rendered":"\t\t<div data-elementor-type=\"wp-page\" data-elementor-id=\"103007\" class=\"elementor elementor-103007 elementor-7373\" data-elementor-post-type=\"page\">\n\t\t\t\t\t\t<section class=\"elementor-section elementor-top-section elementor-element elementor-element-3ff7b27 elementor-section-boxed elementor-section-height-default elementor-section-height-default\" data-id=\"3ff7b27\" data-element_type=\"section\" data-settings=\"{&quot;jet_parallax_layout_list&quot;:[]}\">\n\t\t\t\t\t\t<div class=\"elementor-container elementor-column-gap-default\">\n\t\t\t\t\t<div class=\"elementor-column elementor-col-100 elementor-top-column elementor-element elementor-element-0dadf55\" data-id=\"0dadf55\" data-element_type=\"column\">\n\t\t\t<div class=\"elementor-widget-wrap elementor-element-populated\">\n\t\t\t\t\t\t<div class=\"elementor-element elementor-element-91cb3d0 elementor-widget elementor-widget-spacer\" data-id=\"91cb3d0\" data-element_type=\"widget\" data-widget_type=\"spacer.default\">\n\t\t\t\t<div class=\"elementor-widget-container\">\n\t\t\t\t\t\t\t<div class=\"elementor-spacer\">\n\t\t\t<div class=\"elementor-spacer-inner\"><\/div>\n\t\t<\/div>\n\t\t\t\t\t\t<\/div>\n\t\t\t\t<\/div>\n\t\t\t\t<div class=\"elementor-element elementor-element-488bb92 elementor-widget elementor-widget-heading\" data-id=\"488bb92\" data-element_type=\"widget\" data-widget_type=\"heading.default\">\n\t\t\t\t<div class=\"elementor-widget-container\">\n\t\t\t\t\t<h2 class=\"elementor-heading-title elementor-size-default\">TESTEZ VOTRE NIVEAU D'ANGLAIS AVEC NOTRE TEST<br> DE GRAMMAIRE, DE COMPR\u00c9HENSION ET DE VOCABULAIRE.<\/h2>\t\t\t\t<\/div>\n\t\t\t\t<\/div>\n\t\t\t\t<div class=\"elementor-element elementor-element-c27657f elementor-widget elementor-widget-text-editor\" data-id=\"c27657f\" data-element_type=\"widget\" data-widget_type=\"text-editor.default\">\n\t\t\t\t<div class=\"elementor-widget-container\">\n\t\t\t\t\t\t\t\t\t<p>Company Entry Test<\/p>\t\t\t\t\t\t\t\t<\/div>\n\t\t\t\t<\/div>\n\t\t\t\t\t<\/div>\n\t\t<\/div>\n\t\t\t\t\t<\/div>\n\t\t<\/section>\n\t\t\t\t<section class=\"elementor-section elementor-top-section elementor-element elementor-element-c772903 elementor-section-boxed elementor-section-height-default elementor-section-height-default\" data-id=\"c772903\" data-element_type=\"section\" data-settings=\"{&quot;jet_parallax_layout_list&quot;:[]}\">\n\t\t\t\t\t\t<div class=\"elementor-container elementor-column-gap-default\">\n\t\t\t\t\t<div class=\"elementor-column elementor-col-100 elementor-top-column elementor-element elementor-element-05868e0\" data-id=\"05868e0\" data-element_type=\"column\">\n\t\t\t<div class=\"elementor-widget-wrap elementor-element-populated\">\n\t\t\t\t\t\t<div class=\"elementor-element elementor-element-55083ee elementor-widget elementor-widget-spacer\" data-id=\"55083ee\" data-element_type=\"widget\" data-widget_type=\"spacer.default\">\n\t\t\t\t<div class=\"elementor-widget-container\">\n\t\t\t\t\t\t\t<div class=\"elementor-spacer\">\n\t\t\t<div class=\"elementor-spacer-inner\"><\/div>\n\t\t<\/div>\n\t\t\t\t\t\t<\/div>\n\t\t\t\t<\/div>\n\t\t\t\t\t<\/div>\n\t\t<\/div>\n\t\t\t\t\t<\/div>\n\t\t<\/section>\n\t\t\t\t<section class=\"elementor-section elementor-top-section elementor-element elementor-element-0f629c3 elementor-section-boxed elementor-section-height-default elementor-section-height-default\" data-id=\"0f629c3\" data-element_type=\"section\" data-settings=\"{&quot;jet_parallax_layout_list&quot;:[]}\">\n\t\t\t\t\t\t<div class=\"elementor-container elementor-column-gap-default\">\n\t\t\t\t\t<div class=\"elementor-column elementor-col-25 elementor-top-column elementor-element elementor-element-8925b4c\" data-id=\"8925b4c\" data-element_type=\"column\">\n\t\t\t<div class=\"elementor-widget-wrap\">\n\t\t\t\t\t\t\t<\/div>\n\t\t<\/div>\n\t\t\t\t<div class=\"elementor-column elementor-col-50 elementor-top-column elementor-element elementor-element-8273e80\" data-id=\"8273e80\" data-element_type=\"column\">\n\t\t\t<div class=\"elementor-widget-wrap elementor-element-populated\">\n\t\t\t\t\t\t<div class=\"elementor-element elementor-element-5b193e8 elementor-widget elementor-widget-shortcode\" data-id=\"5b193e8\" data-element_type=\"widget\" data-widget_type=\"shortcode.default\">\n\t\t\t\t<div class=\"elementor-widget-container\">\n\t\t\t\t\t\t\t<div class=\"elementor-shortcode\"><form class=\"new-website-custom-form test-form\" action=\"\/wp-content\/themes\/unicoach-child\/submits\/test_form_submit.php\" method=\"post\" id=\"contactForm_inpage\"><div class=\"row\"><div class=\"sono-io\"><\/div><input type=\"hidden\" name=\"testtest\" value=\"37c7709871\"><input type=\"hidden\" name=\"form_page\" value=\"103007\" ><input type=\"hidden\" name=\"form_page_title\" value=\"Company Entry Test\" ><input type=\"hidden\" name=\"page_uq\" value=\"873cfbb2-bb14-45d3-ac72-4ca09b370e94\"><input type=\"hidden\" id=\"referral\" name=\"referral\" value=\"\"><input type=\"hidden\" name=\"lang\" value=\"fr\"><input type=\"hidden\" name=\"thx_page\" value=\"\"><input type=\"hidden\" name=\"test_type\" value=\"5\" ><div class=\"wgl_col-12\"><input class=\"w-100\" type=\"text\" name=\"name\" placeholder=\"Pr\u00e9nom\" required maxlength=\"50\"><div class=\"error-message\" style=\"display:none; border:1px solid white; border-radius:5px; width:100%; padding:5px 10px; font-size:16px; color:white; background:#F00000; font-weight:bold; margin-bottom:25px;\">Inserire un nome valido<\/div><\/div><div class=\"wgl_col-12\"><input class=\"w-100\" type=\"text\" name=\"surname\" placeholder=\"Nom\" required maxlength=\"50\"><div class=\"error-message\" style=\"display:none; border:1px solid white; border-radius:5px; width:100%; padding:5px 10px; font-size:16px; color:white; background:#F00000; font-weight:bold; margin-bottom:25px;\">Inserire un cognome valido<\/div><\/div><div class=\"wgl_col-12\"><input class=\"w-100\" type=\"text\" name=\"azienda\" placeholder=\"Entreprise\" required><div class=\"error-message\" style=\"display:none; border:1px solid white; border-radius:5px; width:100%; padding:5px 10px; font-size:16px; color:white; background:#F00000; font-weight:bold; margin-bottom:25px;\">Remplissez ce champ<\/div><\/div><div class=\"wgl_col-12\"><input class=\"w-100\" type=\"email\" name=\"email\" placeholder=\"Email\" required><div class=\"error-message\" style=\"display:none; border:1px solid white; border-radius:5px; width:100%; padding:5px 10px; font-size:16px; color:white; background:#F00000; font-weight:bold; margin-bottom:25px;\">inserire una mail valida<\/div><\/div><div class=\"wgl_col-12\"><input class=\"w-100\" type=\"tel\" pattern=\"^[0-9 +()-]{6,15}$\" name=\"phone\" placeholder=\"T\u00e9l\u00e9phone\" required><div class=\"error-message\" style=\"display:none; border:1px solid white; border-radius:5px; width:100%; padding:5px 10px; font-size:16px; color:white; background:#F00000; font-weight:bold; margin-bottom:25px;\">Entrez un num\u00e9ro de t\u00e9l\u00e9phone valide<\/div><\/div><div class=\"wgl_col-12\"><select class=\"school-select qui-confirm\" name=\"school\" required><option value=\"\" selected>Choisissez une ville<\/option><option class=\"new-custom-option cours-anglais-bordeaux 150\" value=\"150\" >Bordeaux<\/option><option class=\"new-custom-option fr\/merignac 126\" value=\"126\" >Merignac<\/option><option class=\"new-custom-option fr\/dijon 115\" value=\"115\" >Dijon<\/option><option class=\"new-custom-option fr\/cours-anglais-grenoble 138\" value=\"138\" >Grenoble<\/option><option class=\"new-custom-option fr\/lyon 49\" value=\"49\" >Lyon 3 Prefecture<\/option><option class=\"new-custom-option fr\/lyon 131\" value=\"131\" >Lyon 9 Gorge De Loup<\/option><option class=\"new-custom-option fr\/lyon-bron 139\" value=\"139\" >Bron<\/option><option class=\"new-custom-option fr\/cours-anglais-montpellier 149\" value=\"149\" >Montpellier<\/option><option class=\"new-custom-option fr\/cours-anglais-nice 153\" value=\"153\" >Nice<\/option><option class=\"new-custom-option fr\/cours-anglais-paris 148\" value=\"148\" >Paris 9 Op\u00e9ra<\/option><option value=\"132\">Autre ville<\/option><\/select><div class=\"error-message\" style=\"display:none; border:1px solid white; border-radius:5px; width:100%; padding:5px 10px; font-size:16px; color:white; background:#F00000; font-weight:bold; margin-bottom:25px;\">S\u00e9lectionnez un \u00e9l\u00e9ment dans la liste\n<\/div><\/div><div class=\"wgl_col-12 new-form-control-bar-fr d-none\"><input class=\"w-100\" type=\"text\" pattern=\"[0-9]{5,10}\" name=\"zipcode\" placeholder=\"Code Postal\"  minlength=\"5\" value><\/div><input type=\"hidden\" id=\"gclid_field\" name=\"gclid_field\" value=\"\"><input type=\"hidden\" name=\"recaptcha_response\" class=\"recaptchaResponse\"><div class=\"wgl_col-12 privacy-form\"><label><input class=\"general-form-privacy\" type=\"checkbox\" name=\"privacy\" required>Ayant plus de 16 ans, je d\u00e9clare avoir \u00e9t\u00e9 inform\u00e9 et je consens au traitement de mes donn\u00e9es personnelles conform\u00e9ment \u00e0 <a target=\"_blank\" href=\"https:\/\/www.myes.school\/wp-content\/uploads\/2023\/07\/MyBRAND-FR.pdf\" target=\"_blank\">la politique de confidentialit\u00e9<\/a><\/label><\/div><div class=\"wgl_col-12 privacy-form privacy_optional\"><label><input class=\"general-form-privacy-optional\" type=\"checkbox\" name=\"privacy_optional\">J\u2019accepte de recevoir des communications commerciales et promotionnelles relatives aux produits et services de la marque MyES<\/label><\/div><div class=\"wgl_col-12 test\"><button style=\"background:#F00000; color:white;\" class=\"submit-custom-btn\" data-sitekey=\"6LfzUQohAAAAAHsCskqqOk4lXySy5vePxpFbgi6q\" type=\"submit\" data-callback=\"onSubmit\">Lancez le test<\/button><div class=\"g-recaptcha\"\n\t\t\t\t\tdata-sitekey=\"6LfzUQohAAAAAHsCskqqOk4lXySy5vePxpFbgi6q\"\n\t\t\t\t\tdata-callback=\"onSubmit\"\n\t\t\t\t\tdata-size=\"invisible\">\n\t\t\t\t<\/div><\/div><\/div><script type=\"text\/javascript\">var __ss_noform = __ss_noform || [];__ss_noform.push(['baseURI', 'https:\/\/app-3QNDKEDZ0Y.marketingautomation.services\/webforms\/receivePostback\/MzawMDEzMzS2BAA\/']);__ss_noform.push(['endpoint', '873cfbb2-bb14-45d3-ac72-4ca09b370e94']);<\/script><script type=\"text\/javascript\" src=\"https:\/\/koi-3QNDKEDZ0Y.marketingautomation.services\/client\/noform.js?ver=1.24\" ><\/script><\/form><script type=\"text\/javascript\">let phone = document.getElementById(\"phone_work\");function checkvalue(){if(phone.value.length < 6 || phone.value.length > 10){alert(\"Inserisci un numero di telefono tra le 6 e 10 cifre\");}}<\/script><\/div>\n\t\t\t\t\t\t<\/div>\n\t\t\t\t<\/div>\n\t\t\t\t\t<\/div>\n\t\t<\/div>\n\t\t\t\t<div class=\"elementor-column elementor-col-25 elementor-top-column elementor-element elementor-element-83dcef1\" data-id=\"83dcef1\" data-element_type=\"column\">\n\t\t\t<div class=\"elementor-widget-wrap\">\n\t\t\t\t\t\t\t<\/div>\n\t\t<\/div>\n\t\t\t\t\t<\/div>\n\t\t<\/section>\n\t\t\t\t<\/div>\n\t\t","protected":false},"excerpt":{"rendered":"<p>TESTEZ VOTRE NIVEAU D&#8217;ANGLAIS AVEC NOTRE TEST DE GRAMMAIRE, DE COMPR\u00c9HENSION ET DE VOCABULAIRE. Company Entry Test<\/p>\n","protected":false},"author":11,"featured_media":0,"parent":0,"menu_order":0,"comment_status":"closed","ping_status":"closed","template":"","meta":{"_acf_changed":false,"footnotes":""},"class_list":["post-103007","page","type-page","status-publish","hentry"],"acf":[],"yoast_head":"<!-- This site is optimized with the Yoast SEO Premium plugin v26.4 (Yoast SEO v26.4) - https:\/\/yoast.com\/wordpress\/plugins\/seo\/ -->\n<title>Company Entry Test - My English School\u2122<\/title>\n<meta name=\"robots\" content=\"index, follow, max-snippet:-1, max-image-preview:large, max-video-preview:-1\" \/>\n<meta property=\"og:locale\" content=\"fr_FR\" \/>\n<meta property=\"og:type\" content=\"article\" \/>\n<meta property=\"og:title\" content=\"Company Entry Test\" \/>\n<meta property=\"og:description\" content=\"TESTEZ VOTRE NIVEAU D&#8217;ANGLAIS AVEC NOTRE TEST DE GRAMMAIRE, DE COMPR\u00c9HENSION ET DE VOCABULAIRE. Company Entry Test\" \/>\n<meta property=\"og:url\" content=\"https:\/\/www.myes.school\/fr\/companyentrytest\/\" \/>\n<meta property=\"og:site_name\" content=\"My English School\u2122\" \/>\n<meta property=\"article:publisher\" content=\"https:\/\/www.facebook.com\/MyEnglishSchool\" \/>\n<meta property=\"article:modified_time\" content=\"2023-04-27T12:54:02+00:00\" \/>\n<meta name=\"twitter:card\" content=\"summary_large_image\" \/>\n<meta name=\"twitter:label1\" content=\"Dur\u00e9e de lecture estim\u00e9e\" \/>\n\t<meta name=\"twitter:data1\" content=\"2 minutes\" \/>\n<script type=\"application\/ld+json\" class=\"yoast-schema-graph\">{\"@context\":\"https:\/\/schema.org\",\"@graph\":[{\"@type\":\"WebPage\",\"@id\":\"https:\/\/www.myes.school\/fr\/companyentrytest\/\",\"url\":\"https:\/\/www.myes.school\/fr\/companyentrytest\/\",\"name\":\"Company Entry Test - My English School\u2122\",\"isPartOf\":{\"@id\":\"https:\/\/www.myes.school\/fr\/#website\"},\"datePublished\":\"2022-05-02T08:32:42+00:00\",\"dateModified\":\"2023-04-27T12:54:02+00:00\",\"breadcrumb\":{\"@id\":\"https:\/\/www.myes.school\/fr\/companyentrytest\/#breadcrumb\"},\"inLanguage\":\"fr-FR\",\"potentialAction\":[{\"@type\":\"ReadAction\",\"target\":[\"https:\/\/www.myes.school\/fr\/companyentrytest\/\"]}]},{\"@type\":\"BreadcrumbList\",\"@id\":\"https:\/\/www.myes.school\/fr\/companyentrytest\/#breadcrumb\",\"itemListElement\":[{\"@type\":\"ListItem\",\"position\":1,\"name\":\"Home\",\"item\":\"https:\/\/www.myes.school\/fr\/\"},{\"@type\":\"ListItem\",\"position\":2,\"name\":\"Company Entry Test\"}]},{\"@type\":\"WebSite\",\"@id\":\"https:\/\/www.myes.school\/fr\/#website\",\"url\":\"https:\/\/www.myes.school\/fr\/\",\"name\":\"My English School\u2122\",\"description\":\"\",\"publisher\":{\"@id\":\"https:\/\/www.myes.school\/fr\/#organization\"},\"potentialAction\":[{\"@type\":\"SearchAction\",\"target\":{\"@type\":\"EntryPoint\",\"urlTemplate\":\"https:\/\/www.myes.school\/fr\/?s={search_term_string}\"},\"query-input\":{\"@type\":\"PropertyValueSpecification\",\"valueRequired\":true,\"valueName\":\"search_term_string\"}}],\"inLanguage\":\"fr-FR\"},{\"@type\":\"Organization\",\"@id\":\"https:\/\/www.myes.school\/fr\/#organization\",\"name\":\"My English School\u2122\",\"url\":\"https:\/\/www.myes.school\/fr\/\",\"logo\":{\"@type\":\"ImageObject\",\"inLanguage\":\"fr-FR\",\"@id\":\"https:\/\/www.myes.school\/fr\/#\/schema\/logo\/image\/\",\"url\":\"https:\/\/www.myes.school\/wp-content\/uploads\/2023\/12\/Logo-MyES-Square.png\",\"contentUrl\":\"https:\/\/www.myes.school\/wp-content\/uploads\/2023\/12\/Logo-MyES-Square.png\",\"width\":1080,\"height\":1080,\"caption\":\"My English School\u2122\"},\"image\":{\"@id\":\"https:\/\/www.myes.school\/fr\/#\/schema\/logo\/image\/\"},\"sameAs\":[\"https:\/\/www.facebook.com\/MyEnglishSchool\"]}]}<\/script>\n<!-- \/ Yoast SEO Premium plugin. -->","yoast_head_json":{"title":"Company Entry Test - My English School\u2122","robots":{"index":"index","follow":"follow","max-snippet":"max-snippet:-1","max-image-preview":"max-image-preview:large","max-video-preview":"max-video-preview:-1"},"og_locale":"fr_FR","og_type":"article","og_title":"Company Entry Test","og_description":"TESTEZ VOTRE NIVEAU D&#8217;ANGLAIS AVEC NOTRE TEST DE GRAMMAIRE, DE COMPR\u00c9HENSION ET DE VOCABULAIRE. Company Entry Test","og_url":"https:\/\/www.myes.school\/fr\/companyentrytest\/","og_site_name":"My English School\u2122","article_publisher":"https:\/\/www.facebook.com\/MyEnglishSchool","article_modified_time":"2023-04-27T12:54:02+00:00","twitter_card":"summary_large_image","twitter_misc":{"Dur\u00e9e de lecture estim\u00e9e":"2 minutes"},"schema":{"@context":"https:\/\/schema.org","@graph":[{"@type":"WebPage","@id":"https:\/\/www.myes.school\/fr\/companyentrytest\/","url":"https:\/\/www.myes.school\/fr\/companyentrytest\/","name":"Company Entry Test - My English School\u2122","isPartOf":{"@id":"https:\/\/www.myes.school\/fr\/#website"},"datePublished":"2022-05-02T08:32:42+00:00","dateModified":"2023-04-27T12:54:02+00:00","breadcrumb":{"@id":"https:\/\/www.myes.school\/fr\/companyentrytest\/#breadcrumb"},"inLanguage":"fr-FR","potentialAction":[{"@type":"ReadAction","target":["https:\/\/www.myes.school\/fr\/companyentrytest\/"]}]},{"@type":"BreadcrumbList","@id":"https:\/\/www.myes.school\/fr\/companyentrytest\/#breadcrumb","itemListElement":[{"@type":"ListItem","position":1,"name":"Home","item":"https:\/\/www.myes.school\/fr\/"},{"@type":"ListItem","position":2,"name":"Company Entry Test"}]},{"@type":"WebSite","@id":"https:\/\/www.myes.school\/fr\/#website","url":"https:\/\/www.myes.school\/fr\/","name":"My English School\u2122","description":"","publisher":{"@id":"https:\/\/www.myes.school\/fr\/#organization"},"potentialAction":[{"@type":"SearchAction","target":{"@type":"EntryPoint","urlTemplate":"https:\/\/www.myes.school\/fr\/?s={search_term_string}"},"query-input":{"@type":"PropertyValueSpecification","valueRequired":true,"valueName":"search_term_string"}}],"inLanguage":"fr-FR"},{"@type":"Organization","@id":"https:\/\/www.myes.school\/fr\/#organization","name":"My English School\u2122","url":"https:\/\/www.myes.school\/fr\/","logo":{"@type":"ImageObject","inLanguage":"fr-FR","@id":"https:\/\/www.myes.school\/fr\/#\/schema\/logo\/image\/","url":"https:\/\/www.myes.school\/wp-content\/uploads\/2023\/12\/Logo-MyES-Square.png","contentUrl":"https:\/\/www.myes.school\/wp-content\/uploads\/2023\/12\/Logo-MyES-Square.png","width":1080,"height":1080,"caption":"My English School\u2122"},"image":{"@id":"https:\/\/www.myes.school\/fr\/#\/schema\/logo\/image\/"},"sameAs":["https:\/\/www.facebook.com\/MyEnglishSchool"]}]}},"_links":{"self":[{"href":"https:\/\/www.myes.school\/fr\/wp-json\/wp\/v2\/pages\/103007","targetHints":{"allow":["GET"]}}],"collection":[{"href":"https:\/\/www.myes.school\/fr\/wp-json\/wp\/v2\/pages"}],"about":[{"href":"https:\/\/www.myes.school\/fr\/wp-json\/wp\/v2\/types\/page"}],"author":[{"embeddable":true,"href":"https:\/\/www.myes.school\/fr\/wp-json\/wp\/v2\/users\/11"}],"replies":[{"embeddable":true,"href":"https:\/\/www.myes.school\/fr\/wp-json\/wp\/v2\/comments?post=103007"}],"version-history":[{"count":46,"href":"https:\/\/www.myes.school\/fr\/wp-json\/wp\/v2\/pages\/103007\/revisions"}],"predecessor-version":[{"id":157892,"href":"https:\/\/www.myes.school\/fr\/wp-json\/wp\/v2\/pages\/103007\/revisions\/157892"}],"wp:attachment":[{"href":"https:\/\/www.myes.school\/fr\/wp-json\/wp\/v2\/media?parent=103007"}],"curies":[{"name":"wp","href":"https:\/\/api.w.org\/{rel}","templated":true}]}}