{"id":193019,"date":"2022-05-04T10:23:45","date_gmt":"2022-05-04T08:23:45","guid":{"rendered":"https:\/\/www.myes.school\/englischtest\/businessenglishtest\/"},"modified":"2025-12-15T09:46:20","modified_gmt":"2025-12-15T08:46:20","slug":"businessenglishtest","status":"publish","type":"page","link":"https:\/\/www.myes.school\/de-ch\/englischtest\/businessenglishtest\/","title":{"rendered":"Business English Test"},"content":{"rendered":"\t\t<div data-elementor-type=\"wp-page\" data-elementor-id=\"193019\" class=\"elementor elementor-193019 elementor-7497\" data-elementor-post-type=\"page\">\n\t\t\t\t\t\t<section class=\"elementor-section elementor-top-section elementor-element elementor-element-381fbaf elementor-section-boxed elementor-section-height-default elementor-section-height-default\" data-id=\"381fbaf\" data-element_type=\"section\" data-settings=\"{&quot;jet_parallax_layout_list&quot;:[]}\">\n\t\t\t\t\t\t<div class=\"elementor-container elementor-column-gap-default\">\n\t\t\t\t\t<div class=\"elementor-column elementor-col-100 elementor-top-column elementor-element elementor-element-b3cfbf2\" data-id=\"b3cfbf2\" data-element_type=\"column\">\n\t\t\t<div class=\"elementor-widget-wrap elementor-element-populated\">\n\t\t\t\t\t\t<div class=\"elementor-element elementor-element-d912aca elementor-widget elementor-widget-heading\" data-id=\"d912aca\" data-element_type=\"widget\" data-widget_type=\"heading.default\">\n\t\t\t\t<div class=\"elementor-widget-container\">\n\t\t\t\t\t<h2 class=\"elementor-heading-title elementor-size-default\">\u00dcBERPR\u00dcFE DEIN TATS\u00c4CHLICHES ENGLISCHNIVEAU MIT UNSEREM TEST ZU GRAMMATIK, LESEVERST\u00c4NDNIS UND WORTSCHATZ.\n<\/h2>\t\t\t\t<\/div>\n\t\t\t\t<\/div>\n\t\t\t\t<div class=\"elementor-element elementor-element-5de7fc5 elementor-widget elementor-widget-text-editor\" data-id=\"5de7fc5\" data-element_type=\"widget\" data-widget_type=\"text-editor.default\">\n\t\t\t\t<div class=\"elementor-widget-container\">\n\t\t\t\t\t\t\t\t\tBusiness English Test\t\t\t\t\t\t\t\t<\/div>\n\t\t\t\t<\/div>\n\t\t\t\t\t<\/div>\n\t\t<\/div>\n\t\t\t\t\t<\/div>\n\t\t<\/section>\n\t\t\t\t<section class=\"elementor-section elementor-top-section elementor-element elementor-element-a255540 elementor-section-boxed elementor-section-height-default elementor-section-height-default\" data-id=\"a255540\" data-element_type=\"section\" data-settings=\"{&quot;jet_parallax_layout_list&quot;:[]}\">\n\t\t\t\t\t\t<div class=\"elementor-container elementor-column-gap-default\">\n\t\t\t\t\t<div class=\"elementor-column elementor-col-25 elementor-top-column elementor-element elementor-element-9a0a292\" data-id=\"9a0a292\" data-element_type=\"column\">\n\t\t\t<div class=\"elementor-widget-wrap\">\n\t\t\t\t\t\t\t<\/div>\n\t\t<\/div>\n\t\t\t\t<div class=\"elementor-column elementor-col-50 elementor-top-column elementor-element elementor-element-a044773\" data-id=\"a044773\" data-element_type=\"column\">\n\t\t\t<div class=\"elementor-widget-wrap elementor-element-populated\">\n\t\t\t\t\t\t<div class=\"elementor-element elementor-element-ea91372 elementor-widget elementor-widget-shortcode\" data-id=\"ea91372\" data-element_type=\"widget\" data-widget_type=\"shortcode.default\">\n\t\t\t\t<div class=\"elementor-widget-container\">\n\t\t\t\t\t\t\t<div class=\"elementor-shortcode\"><form class=\"new-website-custom-form test-form\" action=\"\/wp-content\/themes\/unicoach-child\/submits\/test_form_submit.php\" method=\"post\" id=\"contactForm_inpage\"><div class=\"row\"><div class=\"sono-io\"><\/div><input type=\"hidden\" name=\"testtest\" value=\"37c7709871\"><input type=\"hidden\" name=\"form_page\" value=\"193019\" ><input type=\"hidden\" name=\"form_page_title\" value=\"Business English Test\" ><input type=\"hidden\" name=\"page_uq\" value=\"873cfbb2-bb14-45d3-ac72-4ca09b370e94\"><input type=\"hidden\" id=\"referral\" name=\"referral\" value=\"\"><input type=\"hidden\" name=\"lang\" value=\"ch\"><input type=\"hidden\" name=\"thx_page\" value=\"\"><input type=\"hidden\" name=\"test_type\" value=\"2\" ><div class=\"wgl_col-12\"><input class=\"w-100\" type=\"text\" name=\"name\" placeholder=\"Name\" required maxlength=\"50\"><div class=\"error-message\" style=\"display:none; border:1px solid white; border-radius:5px; width:100%; padding:5px 10px; font-size:16px; color:white; background:#F00000; font-weight:bold; margin-bottom:25px;\">Inserire un nome valido<\/div><\/div><div class=\"wgl_col-12\"><input class=\"w-100\" type=\"text\" name=\"surname\" placeholder=\"Nachname\" required maxlength=\"50\"><div class=\"error-message\" style=\"display:none; border:1px solid white; border-radius:5px; width:100%; padding:5px 10px; font-size:16px; color:white; background:#F00000; font-weight:bold; margin-bottom:25px;\">Inserire un cognome valido<\/div><\/div><div class=\"wgl_col-12\"><input class=\"w-100\" type=\"email\" name=\"email\" placeholder=\"Email\" required><div class=\"error-message\" style=\"display:none; border:1px solid white; border-radius:5px; width:100%; padding:5px 10px; font-size:16px; color:white; background:#F00000; font-weight:bold; margin-bottom:25px;\">inserire una mail valida<\/div><\/div><div class=\"wgl_col-12\"><input class=\"w-100\" type=\"tel\" pattern=\"^[0-9 +()-]{6,15}$\" name=\"phone\" placeholder=\"Telefon\" required><div class=\"error-message\" style=\"display:none; border:1px solid white; border-radius:5px; width:100%; padding:5px 10px; font-size:16px; color:white; background:#F00000; font-weight:bold; margin-bottom:25px;\">G\u00fcltige Telefonnummer eingeben<\/div><\/div><div class=\"wgl_col-12\"><select class=\"school-select qui-confirm\" name=\"school\" required><option value=\"82\">Lugano<\/option><\/select><div class=\"error-message\" style=\"display:none; border:1px solid white; border-radius:5px; width:100%; padding:5px 10px; font-size:16px; color:white; background:#F00000; font-weight:bold; margin-bottom:25px;\">Einen Eintrag aus der Liste ausw\u00e4hlen<\/div><\/div><input type=\"hidden\" id=\"gclid_field\" name=\"gclid_field\" value=\"\"><input type=\"hidden\" name=\"recaptcha_response\" class=\"recaptchaResponse\"><div class=\"wgl_col-12 privacy-form\"><label><input class=\"general-form-privacy\" type=\"checkbox\" name=\"privacy\" required>Da ich \u00fcber 16 Jahre alt bin, erkl\u00e4re ich, dass ich der Verarbeitung meiner personenbezogenen Daten gem\u00e4\u00df der <a style=\"text-decoration: underline;\" target=\"_blank\" href=\"https:\/\/www.myes.school\/wp-content\/uploads\/2025\/12\/CH_G-XX_INFORMATIVA_WEB.pdf\" target=\"_blank\">Datenschutzerkl\u00e4rung zustimme<\/a>.<\/label><\/div><div class=\"wgl_col-12 privacy-form privacy_optional\"><label><input class=\"general-form-privacy-optional\" type=\"checkbox\" name=\"privacy_optional\">Ich m\u00f6chte kommerzielle und Werbemitteilungen zu Produkten und Dienstleistungen der Marke MyES erhalten.<\/label><\/div><div class=\"wgl_col-12 test\"><button style=\"background:#F00000; color:white;\" class=\"submit-custom-btn\" data-sitekey=\"6LfzUQohAAAAAHsCskqqOk4lXySy5vePxpFbgi6q\" type=\"submit\" data-callback=\"onSubmit\">Test starten<\/button><div class=\"g-recaptcha\"\n\t\t\t\t\tdata-sitekey=\"6LfzUQohAAAAAHsCskqqOk4lXySy5vePxpFbgi6q\"\n\t\t\t\t\tdata-callback=\"onSubmit\"\n\t\t\t\t\tdata-size=\"invisible\">\n\t\t\t\t<\/div><\/div><\/div><script type=\"text\/javascript\">var __ss_noform = __ss_noform || [];__ss_noform.push(['baseURI', 'https:\/\/app-3QNDKEDZ0Y.marketingautomation.services\/webforms\/receivePostback\/MzawMDEzMzS2BAA\/']);__ss_noform.push(['endpoint', '873cfbb2-bb14-45d3-ac72-4ca09b370e94']);<\/script><script type=\"text\/javascript\" src=\"https:\/\/koi-3QNDKEDZ0Y.marketingautomation.services\/client\/noform.js?ver=1.24\" ><\/script><\/form><script type=\"text\/javascript\">let phone = document.getElementById(\"phone_work\");function checkvalue(){if(phone.value.length < 6 || phone.value.length > 10){alert(\"Inserisci un numero di telefono tra le 6 e 10 cifre\");}}<\/script><\/div>\n\t\t\t\t\t\t<\/div>\n\t\t\t\t<\/div>\n\t\t\t\t\t<\/div>\n\t\t<\/div>\n\t\t\t\t<div class=\"elementor-column elementor-col-25 elementor-top-column elementor-element elementor-element-d69ff9d\" data-id=\"d69ff9d\" data-element_type=\"column\">\n\t\t\t<div class=\"elementor-widget-wrap\">\n\t\t\t\t\t\t\t<\/div>\n\t\t<\/div>\n\t\t\t\t\t<\/div>\n\t\t<\/section>\n\t\t\t\t<\/div>\n\t\t","protected":false},"excerpt":{"rendered":"<p>\u00dcBERPR\u00dcFE DEIN TATS\u00c4CHLICHES ENGLISCHNIVEAU MIT UNSEREM TEST ZU GRAMMATIK, LESEVERST\u00c4NDNIS UND WORTSCHATZ. Business English Test<\/p>\n","protected":false},"author":30,"featured_media":0,"parent":189873,"menu_order":0,"comment_status":"closed","ping_status":"closed","template":"","meta":{"_acf_changed":false,"footnotes":""},"class_list":["post-193019","page","type-page","status-publish","hentry"],"acf":[],"yoast_head":"<!-- This site is optimized with the Yoast SEO Premium plugin v26.4 (Yoast SEO v26.4) - https:\/\/yoast.com\/wordpress\/plugins\/seo\/ -->\n<title>Business English Test - My English School\u2122<\/title>\n<meta name=\"robots\" content=\"index, follow, max-snippet:-1, max-image-preview:large, max-video-preview:-1\" \/>\n<meta property=\"og:locale\" content=\"de_DE\" \/>\n<meta property=\"og:type\" content=\"article\" \/>\n<meta property=\"og:title\" content=\"Business English Test\" \/>\n<meta property=\"og:description\" content=\"\u00dcBERPR\u00dcFE DEIN TATS\u00c4CHLICHES ENGLISCHNIVEAU MIT UNSEREM TEST ZU GRAMMATIK, LESEVERST\u00c4NDNIS UND WORTSCHATZ. Business English Test\" \/>\n<meta property=\"og:url\" content=\"https:\/\/www.myes.school\/de-ch\/englischtest\/businessenglishtest\/\" \/>\n<meta property=\"og:site_name\" content=\"My English School\u2122\" \/>\n<meta property=\"article:publisher\" content=\"https:\/\/www.facebook.com\/MyEnglishSchool\" \/>\n<meta property=\"article:modified_time\" content=\"2025-12-15T08:46:20+00:00\" \/>\n<meta name=\"twitter:card\" content=\"summary_large_image\" \/>\n<meta name=\"twitter:label1\" content=\"Gesch\u00e4tzte Lesezeit\" \/>\n\t<meta name=\"twitter:data1\" content=\"1 Minute\" \/>\n<script type=\"application\/ld+json\" class=\"yoast-schema-graph\">{\"@context\":\"https:\/\/schema.org\",\"@graph\":[{\"@type\":\"WebPage\",\"@id\":\"https:\/\/www.myes.school\/de-ch\/englischtest\/businessenglishtest\/\",\"url\":\"https:\/\/www.myes.school\/de-ch\/englischtest\/businessenglishtest\/\",\"name\":\"Business English Test - My English School\u2122\",\"isPartOf\":{\"@id\":\"https:\/\/www.myes.school\/de-ch\/#website\"},\"datePublished\":\"2022-05-04T08:23:45+00:00\",\"dateModified\":\"2025-12-15T08:46:20+00:00\",\"breadcrumb\":{\"@id\":\"https:\/\/www.myes.school\/de-ch\/englischtest\/businessenglishtest\/#breadcrumb\"},\"inLanguage\":\"de-CH\",\"potentialAction\":[{\"@type\":\"ReadAction\",\"target\":[\"https:\/\/www.myes.school\/de-ch\/englischtest\/businessenglishtest\/\"]}]},{\"@type\":\"BreadcrumbList\",\"@id\":\"https:\/\/www.myes.school\/de-ch\/englischtest\/businessenglishtest\/#breadcrumb\",\"itemListElement\":[{\"@type\":\"ListItem\",\"position\":1,\"name\":\"Home\",\"item\":\"https:\/\/www.myes.school\/de-ch\/\"},{\"@type\":\"ListItem\",\"position\":2,\"name\":\"Englischtest\",\"item\":\"https:\/\/www.myes.school\/de-ch\/test-online\/\"},{\"@type\":\"ListItem\",\"position\":3,\"name\":\"Business English Test\"}]},{\"@type\":\"WebSite\",\"@id\":\"https:\/\/www.myes.school\/de-ch\/#website\",\"url\":\"https:\/\/www.myes.school\/de-ch\/\",\"name\":\"My English School\u2122\",\"description\":\"\",\"publisher\":{\"@id\":\"https:\/\/www.myes.school\/de-ch\/#organization\"},\"potentialAction\":[{\"@type\":\"SearchAction\",\"target\":{\"@type\":\"EntryPoint\",\"urlTemplate\":\"https:\/\/www.myes.school\/de-ch\/?s={search_term_string}\"},\"query-input\":{\"@type\":\"PropertyValueSpecification\",\"valueRequired\":true,\"valueName\":\"search_term_string\"}}],\"inLanguage\":\"de-CH\"},{\"@type\":\"Organization\",\"@id\":\"https:\/\/www.myes.school\/de-ch\/#organization\",\"name\":\"My English School\u2122\",\"url\":\"https:\/\/www.myes.school\/de-ch\/\",\"logo\":{\"@type\":\"ImageObject\",\"inLanguage\":\"de-CH\",\"@id\":\"https:\/\/www.myes.school\/de-ch\/#\/schema\/logo\/image\/\",\"url\":\"https:\/\/www.myes.school\/wp-content\/uploads\/2023\/12\/Logo-MyES-Square.png\",\"contentUrl\":\"https:\/\/www.myes.school\/wp-content\/uploads\/2023\/12\/Logo-MyES-Square.png\",\"width\":1080,\"height\":1080,\"caption\":\"My English School\u2122\"},\"image\":{\"@id\":\"https:\/\/www.myes.school\/de-ch\/#\/schema\/logo\/image\/\"},\"sameAs\":[\"https:\/\/www.facebook.com\/MyEnglishSchool\"]}]}<\/script>\n<!-- \/ Yoast SEO Premium plugin. -->","yoast_head_json":{"title":"Business English Test - My English School\u2122","robots":{"index":"index","follow":"follow","max-snippet":"max-snippet:-1","max-image-preview":"max-image-preview:large","max-video-preview":"max-video-preview:-1"},"og_locale":"de_DE","og_type":"article","og_title":"Business English Test","og_description":"\u00dcBERPR\u00dcFE DEIN TATS\u00c4CHLICHES ENGLISCHNIVEAU MIT UNSEREM TEST ZU GRAMMATIK, LESEVERST\u00c4NDNIS UND WORTSCHATZ. Business English Test","og_url":"https:\/\/www.myes.school\/de-ch\/englischtest\/businessenglishtest\/","og_site_name":"My English School\u2122","article_publisher":"https:\/\/www.facebook.com\/MyEnglishSchool","article_modified_time":"2025-12-15T08:46:20+00:00","twitter_card":"summary_large_image","twitter_misc":{"Gesch\u00e4tzte Lesezeit":"1 Minute"},"schema":{"@context":"https:\/\/schema.org","@graph":[{"@type":"WebPage","@id":"https:\/\/www.myes.school\/de-ch\/englischtest\/businessenglishtest\/","url":"https:\/\/www.myes.school\/de-ch\/englischtest\/businessenglishtest\/","name":"Business English Test - My English School\u2122","isPartOf":{"@id":"https:\/\/www.myes.school\/de-ch\/#website"},"datePublished":"2022-05-04T08:23:45+00:00","dateModified":"2025-12-15T08:46:20+00:00","breadcrumb":{"@id":"https:\/\/www.myes.school\/de-ch\/englischtest\/businessenglishtest\/#breadcrumb"},"inLanguage":"de-CH","potentialAction":[{"@type":"ReadAction","target":["https:\/\/www.myes.school\/de-ch\/englischtest\/businessenglishtest\/"]}]},{"@type":"BreadcrumbList","@id":"https:\/\/www.myes.school\/de-ch\/englischtest\/businessenglishtest\/#breadcrumb","itemListElement":[{"@type":"ListItem","position":1,"name":"Home","item":"https:\/\/www.myes.school\/de-ch\/"},{"@type":"ListItem","position":2,"name":"Englischtest","item":"https:\/\/www.myes.school\/de-ch\/test-online\/"},{"@type":"ListItem","position":3,"name":"Business English Test"}]},{"@type":"WebSite","@id":"https:\/\/www.myes.school\/de-ch\/#website","url":"https:\/\/www.myes.school\/de-ch\/","name":"My English School\u2122","description":"","publisher":{"@id":"https:\/\/www.myes.school\/de-ch\/#organization"},"potentialAction":[{"@type":"SearchAction","target":{"@type":"EntryPoint","urlTemplate":"https:\/\/www.myes.school\/de-ch\/?s={search_term_string}"},"query-input":{"@type":"PropertyValueSpecification","valueRequired":true,"valueName":"search_term_string"}}],"inLanguage":"de-CH"},{"@type":"Organization","@id":"https:\/\/www.myes.school\/de-ch\/#organization","name":"My English School\u2122","url":"https:\/\/www.myes.school\/de-ch\/","logo":{"@type":"ImageObject","inLanguage":"de-CH","@id":"https:\/\/www.myes.school\/de-ch\/#\/schema\/logo\/image\/","url":"https:\/\/www.myes.school\/wp-content\/uploads\/2023\/12\/Logo-MyES-Square.png","contentUrl":"https:\/\/www.myes.school\/wp-content\/uploads\/2023\/12\/Logo-MyES-Square.png","width":1080,"height":1080,"caption":"My English School\u2122"},"image":{"@id":"https:\/\/www.myes.school\/de-ch\/#\/schema\/logo\/image\/"},"sameAs":["https:\/\/www.facebook.com\/MyEnglishSchool"]}]}},"_links":{"self":[{"href":"https:\/\/www.myes.school\/de-ch\/wp-json\/wp\/v2\/pages\/193019","targetHints":{"allow":["GET"]}}],"collection":[{"href":"https:\/\/www.myes.school\/de-ch\/wp-json\/wp\/v2\/pages"}],"about":[{"href":"https:\/\/www.myes.school\/de-ch\/wp-json\/wp\/v2\/types\/page"}],"author":[{"embeddable":true,"href":"https:\/\/www.myes.school\/de-ch\/wp-json\/wp\/v2\/users\/30"}],"replies":[{"embeddable":true,"href":"https:\/\/www.myes.school\/de-ch\/wp-json\/wp\/v2\/comments?post=193019"}],"version-history":[{"count":3,"href":"https:\/\/www.myes.school\/de-ch\/wp-json\/wp\/v2\/pages\/193019\/revisions"}],"predecessor-version":[{"id":193023,"href":"https:\/\/www.myes.school\/de-ch\/wp-json\/wp\/v2\/pages\/193019\/revisions\/193023"}],"up":[{"embeddable":true,"href":"https:\/\/www.myes.school\/de-ch\/wp-json\/wp\/v2\/pages\/189873"}],"wp:attachment":[{"href":"https:\/\/www.myes.school\/de-ch\/wp-json\/wp\/v2\/media?parent=193019"}],"curies":[{"name":"wp","href":"https:\/\/api.w.org\/{rel}","templated":true}]}}