{"id":189812,"date":"2022-05-23T12:12:40","date_gmt":"2022-05-23T10:12:40","guid":{"rendered":"https:\/\/www.myes.school\/domande-e-risposte\/"},"modified":"2025-10-15T16:13:13","modified_gmt":"2025-10-15T14:13:13","slug":"faq","status":"publish","type":"page","link":"https:\/\/www.myes.school\/de-ch\/faq\/","title":{"rendered":"FAQ"},"content":{"rendered":"\t\t<div data-elementor-type=\"wp-page\" data-elementor-id=\"189812\" class=\"elementor elementor-189812 elementor-80920\" data-elementor-post-type=\"page\">\n\t\t\t\t\t\t<section class=\"elementor-section elementor-top-section elementor-element elementor-element-da9a720 elementor-section-boxed elementor-section-height-default elementor-section-height-default\" data-id=\"da9a720\" data-element_type=\"section\" data-settings=\"{&quot;jet_parallax_layout_list&quot;:[]}\">\n\t\t\t\t\t\t<div class=\"elementor-container elementor-column-gap-default\">\n\t\t\t\t\t<div class=\"elementor-column elementor-col-100 elementor-top-column elementor-element elementor-element-03e09f8\" data-id=\"03e09f8\" data-element_type=\"column\">\n\t\t\t<div class=\"elementor-widget-wrap elementor-element-populated\">\n\t\t\t\t\t\t<div class=\"elementor-element elementor-element-f319785 elementor-widget elementor-widget-heading\" data-id=\"f319785\" data-element_type=\"widget\" data-widget_type=\"heading.default\">\n\t\t\t\t<div class=\"elementor-widget-container\">\n\t\t\t\t\t<h2 class=\"elementor-heading-title elementor-size-default\">F.A.Q<\/h2>\t\t\t\t<\/div>\n\t\t\t\t<\/div>\n\t\t\t\t<div class=\"elementor-element elementor-element-22e3a58 elementor-widget elementor-widget-text-editor\" data-id=\"22e3a58\" data-element_type=\"widget\" data-widget_type=\"text-editor.default\">\n\t\t\t\t<div class=\"elementor-widget-container\">\n\t\t\t\t\t\t\t\t\t<p>Hier findest du die Antworten auf all deine Fragen zur Welt von MyES: eine einfache und schnelle Art, dir Klarheit zu verschaffen!<\/p>\t\t\t\t\t\t\t\t<\/div>\n\t\t\t\t<\/div>\n\t\t\t\t<div class=\"elementor-element elementor-element-b083760 elementor-widget elementor-widget-spacer\" data-id=\"b083760\" data-element_type=\"widget\" data-widget_type=\"spacer.default\">\n\t\t\t\t<div class=\"elementor-widget-container\">\n\t\t\t\t\t\t\t<div class=\"elementor-spacer\">\n\t\t\t<div class=\"elementor-spacer-inner\"><\/div>\n\t\t<\/div>\n\t\t\t\t\t\t<\/div>\n\t\t\t\t<\/div>\n\t\t\t\t\t<\/div>\n\t\t<\/div>\n\t\t\t\t\t<\/div>\n\t\t<\/section>\n\t\t\t\t<section class=\"elementor-section elementor-top-section elementor-element elementor-element-57db92b elementor-section-boxed elementor-section-height-default elementor-section-height-default\" data-id=\"57db92b\" data-element_type=\"section\" data-settings=\"{&quot;jet_parallax_layout_list&quot;:[]}\">\n\t\t\t\t\t\t<div class=\"elementor-container elementor-column-gap-default\">\n\t\t\t\t\t<div class=\"elementor-column elementor-col-100 elementor-top-column elementor-element elementor-element-930bb9c\" data-id=\"930bb9c\" data-element_type=\"column\">\n\t\t\t<div class=\"elementor-widget-wrap elementor-element-populated\">\n\t\t\t\t\t\t<div class=\"elementor-element elementor-element-49a372f elementor-view-default elementor-widget elementor-widget-wgl-toggle-accordion\" data-id=\"49a372f\" data-element_type=\"widget\" data-widget_type=\"wgl-toggle-accordion.default\">\n\t\t\t\t<div class=\"elementor-widget-container\">\n\t\t\t\t\t<div class=\"wgl-accordion icon-plus\" id=\"wgl-accordion-49a372f\" data-type=\"accordion\"><div class=\"wgl-accordion_panel\"><h4 id=\"wgl-accordion_header-7721\" class=\"wgl-accordion_header\" data-default=\"\"><span class=\"wgl-accordion_title\">WARUM IST MY ENGLISH SCHOOL ANDERS ALS ANDERE ENGLISCHSCHULEN?<\/span><i class=\"wgl-accordion_icon elementor-icon \"><\/i><\/h4><div class=\"wgl-accordion_content\"><p>My English School ist die Schule, die auf dich zugeschnitten ist: du w\u00e4hlst die Tage und Uhrzeiten des Englischkurses, entsprechend deinen Verpflichtungen und Bed\u00fcrfnissen. Und wenn dir etwas nicht klar ist, kannst du jede Lektion so oft wiederholen, wie du willst! My English School steht f\u00fcr Flexibilit\u00e4t, Innovation, Personalisierung.<br \/>Nur in unseren Schulen tauchst du vollst\u00e4ndig in die englische Sprache und Kultur ein und f\u00fchrst viel Konversation, angeleitet von muttersprachlichen Lehrkr\u00e4ften!<\/p><\/div><\/div><div class=\"wgl-accordion_panel\"><h4 id=\"wgl-accordion_header-7722\" class=\"wgl-accordion_header\" data-default=\"\"><span class=\"wgl-accordion_title\">WARUM GIBT ES IN DEN MY ENGLISH SCHOOL ZENTREN KEINE KLASSENZIMMER?<\/span><i class=\"wgl-accordion_icon elementor-icon \"><\/i><\/h4><div class=\"wgl-accordion_content\"><p>Weil wir m\u00f6chten, dass du dich wie zu Hause f\u00fchlst.<br \/>Wir glauben, es ist wichtig, die Lernenden zu empfangen in einer Umgebung, die sie entspannt und die Interaktion zwischen den Teilnehmenden f\u00f6rdert,\u00a0wodurch das Lernen beg\u00fcnstigt wird.<\/p><\/div><\/div><div class=\"wgl-accordion_panel\"><h4 id=\"wgl-accordion_header-7723\" class=\"wgl-accordion_header\" data-default=\"\"><span class=\"wgl-accordion_title\">WIE KANN ICH MICH F\u00dcR EINEN KURS ANMELDEN?<\/span><i class=\"wgl-accordion_icon elementor-icon \"><\/i><\/h4><div class=\"wgl-accordion_content\"><p><span>Du kannst unsere Schulen kontaktieren<br \/>indem du eine E\u2011Mail an <\/span><a href=\"mailto:mailto:info@myes.it\">info@myes.it<\/a><span>. \u00a0sendest.<\/span><\/p><\/div><\/div><div class=\"wgl-accordion_panel\"><h4 id=\"wgl-accordion_header-7724\" class=\"wgl-accordion_header\" data-default=\"\"><span class=\"wgl-accordion_title\">SIND ALLE LEHRKR\u00c4FTE MUTTERSPRACHLER\/INNEN UND NATIVE LEVEL?<\/span><i class=\"wgl-accordion_icon elementor-icon \"><\/i><\/h4><div class=\"wgl-accordion_content\"><p>Ja, unsere Lehrkr\u00e4fte sind alle Muttersprachler\/innen oder zertifizierte Native Level, und verf\u00fcgen \u00fcber die wichtigsten internationalen Zertifikate f\u00fcr das Unterrichten der englischen Sprache an Nicht Muttersprachler,<br \/>come Tefl, Celta e Delta. \u2013 wie TEFL, CELTA und DELTA.<\/p><\/div><\/div><div class=\"wgl-accordion_panel\"><h4 id=\"wgl-accordion_header-7725\" class=\"wgl-accordion_header\" data-default=\"\"><span class=\"wgl-accordion_title\">UNTERRICHTET IHR BRITISCHES ODER AMERIKANISCHES ENGLISCH?<\/span><i class=\"wgl-accordion_icon elementor-icon \"><\/i><\/h4><div class=\"wgl-accordion_content\"><p>Beides.<br \/>In unseren Schulen unterrichten wir das im Alltag gesprochene Englisch, daher gibt es sowohl Konversationen in British English als auch in American English.<br \/>So trainierst du dein Ohr f\u00fcr verschiedene Akzente und Redewendungen!<\/p><\/div><\/div><div class=\"wgl-accordion_panel\"><h4 id=\"wgl-accordion_header-7726\" class=\"wgl-accordion_header\" data-default=\"\"><span class=\"wgl-accordion_title\">WIE LANGE DAUERN DIE KURSE?<\/span><i class=\"wgl-accordion_icon elementor-icon \"><\/i><\/h4><div class=\"wgl-accordion_content\"><p>Da es sich um personalisierte Kurse handelt, w\u00e4hlt die\/der Lernende den eigenen Lernweg<br \/>nach einem Einstufungstest des Ausgangsniveaus. Die Kursdauer ist daher an das Ziel gekoppelt, das man erreichen m\u00f6chte.<\/p><\/div><\/div><div class=\"wgl-accordion_panel\"><h4 id=\"wgl-accordion_header-7727\" class=\"wgl-accordion_header\" data-default=\"\"><span class=\"wgl-accordion_title\">WANN BEGINNEN DIE KURSE?<\/span><i class=\"wgl-accordion_icon elementor-icon \"><\/i><\/h4><div class=\"wgl-accordion_content\"><p>Die Kurse folgen nicht dem Schulkalender:<br \/>man kann an jedem Tag und zu jedem Zeitpunkt im Jahr beginnen.<\/p><\/div><\/div><div class=\"wgl-accordion_panel\"><h4 id=\"wgl-accordion_header-7728\" class=\"wgl-accordion_header\" data-default=\"\"><span class=\"wgl-accordion_title\">WELCHE ZERTIFIZIERUNGEN WERDEN VON EURER SCHULE AUSGESTELLT?<\/span><i class=\"wgl-accordion_icon elementor-icon \"><\/i><\/h4><div class=\"wgl-accordion_content\"><p>Am Ende jedes Kurses<br \/>stellen die MyES\u2011Schulen den Lernenden aus eine Teilnahmebescheinigung zum erreichten Niveau,\u00a0gem\u00e4\u00df den Richtlinien des Europ\u00e4ischen Referenzrahmens (von A2 bis C2).<\/p><\/div><\/div><div class=\"wgl-accordion_panel\"><h4 id=\"wgl-accordion_header-7729\" class=\"wgl-accordion_header\" data-default=\"\"><span class=\"wgl-accordion_title\">DU HAST NICHT GEFUNDEN, WAS DU GESUCHT HAST<\/span><i class=\"wgl-accordion_icon elementor-icon \"><\/i><\/h4><div class=\"wgl-accordion_content\"><p><span>Schreib an <\/span><a href=\"mailto:info@myes.it\" target=\"_blank\" rel=\"noopener\">info@myes.it<\/a><span>\u00a0<\/span>und du erh\u00e4ltst die Antworten, die du brauchst, so schnell wie m\u00f6glich!<\/p><\/div><\/div><\/div>\t\t\t\t<\/div>\n\t\t\t\t<\/div>\n\t\t\t\t\t<\/div>\n\t\t<\/div>\n\t\t\t\t\t<\/div>\n\t\t<\/section>\n\t\t\t\t<\/div>\n\t\t","protected":false},"excerpt":{"rendered":"<p>F.A.Q Hier findest du die Antworten auf all deine Fragen zur Welt von MyES: eine einfache und schnelle Art, dir Klarheit zu verschaffen! WARUM IST MY ENGLISH SCHOOL ANDERS ALS ANDERE ENGLISCHSCHULEN? My English School ist die Schule, die auf dich zugeschnitten ist: du w\u00e4hlst die Tage und Uhrzeiten des Englischkurses, entsprechend deinen Verpflichtungen und [&hellip;]<\/p>\n","protected":false},"author":30,"featured_media":0,"parent":0,"menu_order":0,"comment_status":"closed","ping_status":"closed","template":"","meta":{"_acf_changed":false,"footnotes":""},"class_list":["post-189812","page","type-page","status-publish","hentry"],"acf":[],"yoast_head":"<!-- This site is optimized with the Yoast SEO Premium plugin v26.4 (Yoast SEO v26.4) - https:\/\/yoast.com\/wordpress\/plugins\/seo\/ -->\n<title>Le domande pi\u00f9 frequenti - My English School\u2122<\/title>\n<meta name=\"description\" content=\"Hai qualche domanda sui nostri corsi di inglese? Scopri tutte le domande pi\u00f9 frequenti e liberati da ogni dubbio! Visita il sito di My English School ora!\" \/>\n<meta name=\"robots\" content=\"index, follow, max-snippet:-1, max-image-preview:large, max-video-preview:-1\" \/>\n<meta property=\"og:locale\" content=\"de_DE\" \/>\n<meta property=\"og:type\" content=\"article\" \/>\n<meta property=\"og:title\" content=\"FAQ\" \/>\n<meta property=\"og:description\" content=\"Hai qualche domanda sui nostri corsi di inglese? Scopri tutte le domande pi\u00f9 frequenti e liberati da ogni dubbio! Visita il sito di My English School ora!\" \/>\n<meta property=\"og:url\" content=\"https:\/\/www.myes.school\/de-ch\/faq\/\" \/>\n<meta property=\"og:site_name\" content=\"My English School\u2122\" \/>\n<meta property=\"article:publisher\" content=\"https:\/\/www.facebook.com\/MyEnglishSchool\" \/>\n<meta property=\"article:modified_time\" content=\"2025-10-15T14:13:13+00:00\" \/>\n<meta name=\"twitter:card\" content=\"summary_large_image\" \/>\n<meta name=\"twitter:label1\" content=\"Gesch\u00e4tzte Lesezeit\" \/>\n\t<meta name=\"twitter:data1\" content=\"2 Minuten\" \/>\n<script type=\"application\/ld+json\" class=\"yoast-schema-graph\">{\"@context\":\"https:\/\/schema.org\",\"@graph\":[{\"@type\":\"WebPage\",\"@id\":\"https:\/\/www.myes.school\/de-ch\/faq\/\",\"url\":\"https:\/\/www.myes.school\/de-ch\/faq\/\",\"name\":\"Le domande pi\u00f9 frequenti - My English School\u2122\",\"isPartOf\":{\"@id\":\"https:\/\/www.myes.school\/de-ch\/#website\"},\"datePublished\":\"2022-05-23T10:12:40+00:00\",\"dateModified\":\"2025-10-15T14:13:13+00:00\",\"description\":\"Hai qualche domanda sui nostri corsi di inglese? Scopri tutte le domande pi\u00f9 frequenti e liberati da ogni dubbio! Visita il sito di My English School ora!\",\"breadcrumb\":{\"@id\":\"https:\/\/www.myes.school\/de-ch\/faq\/#breadcrumb\"},\"inLanguage\":\"de-CH\",\"potentialAction\":[{\"@type\":\"ReadAction\",\"target\":[\"https:\/\/www.myes.school\/de-ch\/faq\/\"]}]},{\"@type\":\"BreadcrumbList\",\"@id\":\"https:\/\/www.myes.school\/de-ch\/faq\/#breadcrumb\",\"itemListElement\":[{\"@type\":\"ListItem\",\"position\":1,\"name\":\"Home\",\"item\":\"https:\/\/www.myes.school\/de-ch\/\"},{\"@type\":\"ListItem\",\"position\":2,\"name\":\"FAQ\"}]},{\"@type\":\"WebSite\",\"@id\":\"https:\/\/www.myes.school\/de-ch\/#website\",\"url\":\"https:\/\/www.myes.school\/de-ch\/\",\"name\":\"My English School\u2122\",\"description\":\"\",\"publisher\":{\"@id\":\"https:\/\/www.myes.school\/de-ch\/#organization\"},\"potentialAction\":[{\"@type\":\"SearchAction\",\"target\":{\"@type\":\"EntryPoint\",\"urlTemplate\":\"https:\/\/www.myes.school\/de-ch\/?s={search_term_string}\"},\"query-input\":{\"@type\":\"PropertyValueSpecification\",\"valueRequired\":true,\"valueName\":\"search_term_string\"}}],\"inLanguage\":\"de-CH\"},{\"@type\":\"Organization\",\"@id\":\"https:\/\/www.myes.school\/de-ch\/#organization\",\"name\":\"My English School\u2122\",\"url\":\"https:\/\/www.myes.school\/de-ch\/\",\"logo\":{\"@type\":\"ImageObject\",\"inLanguage\":\"de-CH\",\"@id\":\"https:\/\/www.myes.school\/de-ch\/#\/schema\/logo\/image\/\",\"url\":\"https:\/\/www.myes.school\/wp-content\/uploads\/2023\/12\/Logo-MyES-Square.png\",\"contentUrl\":\"https:\/\/www.myes.school\/wp-content\/uploads\/2023\/12\/Logo-MyES-Square.png\",\"width\":1080,\"height\":1080,\"caption\":\"My English School\u2122\"},\"image\":{\"@id\":\"https:\/\/www.myes.school\/de-ch\/#\/schema\/logo\/image\/\"},\"sameAs\":[\"https:\/\/www.facebook.com\/MyEnglishSchool\"]}]}<\/script>\n<!-- \/ Yoast SEO Premium plugin. -->","yoast_head_json":{"title":"Le domande pi\u00f9 frequenti - My English School\u2122","description":"Hai qualche domanda sui nostri corsi di inglese? Scopri tutte le domande pi\u00f9 frequenti e liberati da ogni dubbio! Visita il sito di My English School ora!","robots":{"index":"index","follow":"follow","max-snippet":"max-snippet:-1","max-image-preview":"max-image-preview:large","max-video-preview":"max-video-preview:-1"},"og_locale":"de_DE","og_type":"article","og_title":"FAQ","og_description":"Hai qualche domanda sui nostri corsi di inglese? Scopri tutte le domande pi\u00f9 frequenti e liberati da ogni dubbio! Visita il sito di My English School ora!","og_url":"https:\/\/www.myes.school\/de-ch\/faq\/","og_site_name":"My English School\u2122","article_publisher":"https:\/\/www.facebook.com\/MyEnglishSchool","article_modified_time":"2025-10-15T14:13:13+00:00","twitter_card":"summary_large_image","twitter_misc":{"Gesch\u00e4tzte Lesezeit":"2 Minuten"},"schema":{"@context":"https:\/\/schema.org","@graph":[{"@type":"WebPage","@id":"https:\/\/www.myes.school\/de-ch\/faq\/","url":"https:\/\/www.myes.school\/de-ch\/faq\/","name":"Le domande pi\u00f9 frequenti - My English School\u2122","isPartOf":{"@id":"https:\/\/www.myes.school\/de-ch\/#website"},"datePublished":"2022-05-23T10:12:40+00:00","dateModified":"2025-10-15T14:13:13+00:00","description":"Hai qualche domanda sui nostri corsi di inglese? Scopri tutte le domande pi\u00f9 frequenti e liberati da ogni dubbio! Visita il sito di My English School ora!","breadcrumb":{"@id":"https:\/\/www.myes.school\/de-ch\/faq\/#breadcrumb"},"inLanguage":"de-CH","potentialAction":[{"@type":"ReadAction","target":["https:\/\/www.myes.school\/de-ch\/faq\/"]}]},{"@type":"BreadcrumbList","@id":"https:\/\/www.myes.school\/de-ch\/faq\/#breadcrumb","itemListElement":[{"@type":"ListItem","position":1,"name":"Home","item":"https:\/\/www.myes.school\/de-ch\/"},{"@type":"ListItem","position":2,"name":"FAQ"}]},{"@type":"WebSite","@id":"https:\/\/www.myes.school\/de-ch\/#website","url":"https:\/\/www.myes.school\/de-ch\/","name":"My English School\u2122","description":"","publisher":{"@id":"https:\/\/www.myes.school\/de-ch\/#organization"},"potentialAction":[{"@type":"SearchAction","target":{"@type":"EntryPoint","urlTemplate":"https:\/\/www.myes.school\/de-ch\/?s={search_term_string}"},"query-input":{"@type":"PropertyValueSpecification","valueRequired":true,"valueName":"search_term_string"}}],"inLanguage":"de-CH"},{"@type":"Organization","@id":"https:\/\/www.myes.school\/de-ch\/#organization","name":"My English School\u2122","url":"https:\/\/www.myes.school\/de-ch\/","logo":{"@type":"ImageObject","inLanguage":"de-CH","@id":"https:\/\/www.myes.school\/de-ch\/#\/schema\/logo\/image\/","url":"https:\/\/www.myes.school\/wp-content\/uploads\/2023\/12\/Logo-MyES-Square.png","contentUrl":"https:\/\/www.myes.school\/wp-content\/uploads\/2023\/12\/Logo-MyES-Square.png","width":1080,"height":1080,"caption":"My English School\u2122"},"image":{"@id":"https:\/\/www.myes.school\/de-ch\/#\/schema\/logo\/image\/"},"sameAs":["https:\/\/www.facebook.com\/MyEnglishSchool"]}]}},"_links":{"self":[{"href":"https:\/\/www.myes.school\/de-ch\/wp-json\/wp\/v2\/pages\/189812","targetHints":{"allow":["GET"]}}],"collection":[{"href":"https:\/\/www.myes.school\/de-ch\/wp-json\/wp\/v2\/pages"}],"about":[{"href":"https:\/\/www.myes.school\/de-ch\/wp-json\/wp\/v2\/types\/page"}],"author":[{"embeddable":true,"href":"https:\/\/www.myes.school\/de-ch\/wp-json\/wp\/v2\/users\/30"}],"replies":[{"embeddable":true,"href":"https:\/\/www.myes.school\/de-ch\/wp-json\/wp\/v2\/comments?post=189812"}],"version-history":[{"count":4,"href":"https:\/\/www.myes.school\/de-ch\/wp-json\/wp\/v2\/pages\/189812\/revisions"}],"predecessor-version":[{"id":190188,"href":"https:\/\/www.myes.school\/de-ch\/wp-json\/wp\/v2\/pages\/189812\/revisions\/190188"}],"wp:attachment":[{"href":"https:\/\/www.myes.school\/de-ch\/wp-json\/wp\/v2\/media?parent=189812"}],"curies":[{"name":"wp","href":"https:\/\/api.w.org\/{rel}","templated":true}]}}