{"id":189318,"date":"2022-05-23T12:12:40","date_gmt":"2022-05-23T10:12:40","guid":{"rendered":"https:\/\/www.myes.school\/domande-e-risposte\/"},"modified":"2022-05-23T12:12:40","modified_gmt":"2022-05-23T10:12:40","slug":"domande-e-risposte","status":"publish","type":"page","link":"https:\/\/www.myes.school\/ch\/domande-e-risposte\/","title":{"rendered":"FAQ"},"content":{"rendered":"\t\t<div data-elementor-type=\"wp-page\" data-elementor-id=\"189318\" class=\"elementor elementor-189318 elementor-80920\" data-elementor-post-type=\"page\">\n\t\t\t\t\t\t<section class=\"elementor-section elementor-top-section elementor-element elementor-element-da9a720 elementor-section-boxed elementor-section-height-default elementor-section-height-default\" data-id=\"da9a720\" data-element_type=\"section\" data-settings=\"{&quot;jet_parallax_layout_list&quot;:[]}\">\n\t\t\t\t\t\t<div class=\"elementor-container elementor-column-gap-default\">\n\t\t\t\t\t<div class=\"elementor-column elementor-col-100 elementor-top-column elementor-element elementor-element-03e09f8\" data-id=\"03e09f8\" data-element_type=\"column\">\n\t\t\t<div class=\"elementor-widget-wrap elementor-element-populated\">\n\t\t\t\t\t\t<div class=\"elementor-element elementor-element-f319785 elementor-widget elementor-widget-heading\" data-id=\"f319785\" data-element_type=\"widget\" data-widget_type=\"heading.default\">\n\t\t\t\t<div class=\"elementor-widget-container\">\n\t\t\t\t\t<h2 class=\"elementor-heading-title elementor-size-default\">F.A.Q<\/h2>\t\t\t\t<\/div>\n\t\t\t\t<\/div>\n\t\t\t\t<div class=\"elementor-element elementor-element-22e3a58 elementor-widget elementor-widget-text-editor\" data-id=\"22e3a58\" data-element_type=\"widget\" data-widget_type=\"text-editor.default\">\n\t\t\t\t<div class=\"elementor-widget-container\">\n\t\t\t\t\t\t\t\t\t<p><span>Qui trovi le risposte a tutte le tue domande sul mondo MyES: un modo semplice e veloce per chiarirti le idee!<\/span><\/p>\t\t\t\t\t\t\t\t<\/div>\n\t\t\t\t<\/div>\n\t\t\t\t<div class=\"elementor-element elementor-element-b083760 elementor-widget elementor-widget-spacer\" data-id=\"b083760\" data-element_type=\"widget\" data-widget_type=\"spacer.default\">\n\t\t\t\t<div class=\"elementor-widget-container\">\n\t\t\t\t\t\t\t<div class=\"elementor-spacer\">\n\t\t\t<div class=\"elementor-spacer-inner\"><\/div>\n\t\t<\/div>\n\t\t\t\t\t\t<\/div>\n\t\t\t\t<\/div>\n\t\t\t\t\t<\/div>\n\t\t<\/div>\n\t\t\t\t\t<\/div>\n\t\t<\/section>\n\t\t\t\t<section class=\"elementor-section elementor-top-section elementor-element elementor-element-57db92b elementor-section-boxed elementor-section-height-default elementor-section-height-default\" data-id=\"57db92b\" data-element_type=\"section\" data-settings=\"{&quot;jet_parallax_layout_list&quot;:[]}\">\n\t\t\t\t\t\t<div class=\"elementor-container elementor-column-gap-default\">\n\t\t\t\t\t<div class=\"elementor-column elementor-col-100 elementor-top-column elementor-element elementor-element-930bb9c\" data-id=\"930bb9c\" data-element_type=\"column\">\n\t\t\t<div class=\"elementor-widget-wrap elementor-element-populated\">\n\t\t\t\t\t\t<div class=\"elementor-element elementor-element-49a372f elementor-view-default elementor-widget elementor-widget-wgl-toggle-accordion\" data-id=\"49a372f\" data-element_type=\"widget\" data-widget_type=\"wgl-toggle-accordion.default\">\n\t\t\t\t<div class=\"elementor-widget-container\">\n\t\t\t\t\t<div class=\"wgl-accordion icon-plus\" id=\"wgl-accordion-49a372f\" data-type=\"accordion\"><div class=\"wgl-accordion_panel\"><h4 id=\"wgl-accordion_header-7721\" class=\"wgl-accordion_header\" data-default=\"\"><span class=\"wgl-accordion_title\">PERCH\u00c9 MY ENGLISH SCHOOL \u00c8 DIVERSA DALLE ALTRE SCUOLE DI INGLESE?<\/span><i class=\"wgl-accordion_icon elementor-icon \"><\/i><\/h4><div class=\"wgl-accordion_content\"><p><span>My English School \u00e8 la scuola su misura per te: sei tu a scegliere giorni e orari del corso di inglese, in base ai tuoi impegni e alle tue esigenze. E se qualcosa non ti \u00e8 chiaro, puoi ripetere ogni lezione tutte le volte che vuoi! My English School \u00e8 flessibilit\u00e0, innovazione, personalizzazione. Solo nelle nostre scuole ti immergi totalmente nella lingua e nella cultura inglese e fai tanta conversazione guidata da insegnanti madrelingua!<\/span><\/p><\/div><\/div><div class=\"wgl-accordion_panel\"><h4 id=\"wgl-accordion_header-7722\" class=\"wgl-accordion_header\" data-default=\"\"><span class=\"wgl-accordion_title\">PERCH\u00c9 NEI CENTRI MY ENGLISH SCHOOL NON CI SONO AULE?<\/span><i class=\"wgl-accordion_icon elementor-icon \"><\/i><\/h4><div class=\"wgl-accordion_content\"><p><span>Perch\u00e9 vogliamo farti sentire a casa. Crediamo sia importante accogliere gli studenti in un ambiente che li metta a proprio agio e stimoli l\u2019interazione tra i partecipanti, favorendo l\u2019apprendimento.<\/span><\/p><\/div><\/div><div class=\"wgl-accordion_panel\"><h4 id=\"wgl-accordion_header-7723\" class=\"wgl-accordion_header\" data-default=\"\"><span class=\"wgl-accordion_title\">COME POSSO ISCRIVERMI A UN CORSO?<\/span><i class=\"wgl-accordion_icon elementor-icon \"><\/i><\/h4><div class=\"wgl-accordion_content\"><p><span>Puoi contattare le nostre scuole inviando una e-mail a\u00a0<\/span><a href=\"mailto:mailto:info@myes.it\">info@myes.it<\/a><span>.<\/span><\/p><\/div><\/div><div class=\"wgl-accordion_panel\"><h4 id=\"wgl-accordion_header-7724\" class=\"wgl-accordion_header\" data-default=\"\"><span class=\"wgl-accordion_title\">GLI INSEGNANTI SONO TUTTI MADRELINGUA E NATIVE LEVEL?<\/span><i class=\"wgl-accordion_icon elementor-icon \"><\/i><\/h4><div class=\"wgl-accordion_content\"><p><span>S\u00ec, i nostri insegnanti sono tutti madrelingua o certificati native level, e sono in possesso dei pi\u00f9 importanti attestati internazionali per l\u2019insegnamento della lingua inglese agli stranieri, come Tefl, Celta e Delta.<\/span><\/p><\/div><\/div><div class=\"wgl-accordion_panel\"><h4 id=\"wgl-accordion_header-7725\" class=\"wgl-accordion_header\" data-default=\"\"><span class=\"wgl-accordion_title\">INSEGNATE L\u2019INGLESE BRITANNICO O AMERICANO?<\/span><i class=\"wgl-accordion_icon elementor-icon \"><\/i><\/h4><div class=\"wgl-accordion_content\"><p><span>Entrambi. Nelle nostre scuole insegniamo l\u2019inglese parlato nella vita di tutti i giorni, pertanto prevediamo sia conversazioni in British English che in American English. Cos\u00ec alleni l\u2019orecchio ad accenti e modi di dire diversi!<\/span><\/p><\/div><\/div><div class=\"wgl-accordion_panel\"><h4 id=\"wgl-accordion_header-7726\" class=\"wgl-accordion_header\" data-default=\"\"><span class=\"wgl-accordion_title\">QUANTO DURANO I CORSI?<\/span><i class=\"wgl-accordion_icon elementor-icon \"><\/i><\/h4><div class=\"wgl-accordion_content\"><p><span>Trattandosi di corsi personalizzati, \u00e8 lo studente a scegliere il proprio percorso in seguito a un test di valutazione del livello di partenza. La durata del corso \u00e8 dunque legata all\u2019obiettivo che si desidera conseguire.<\/span><\/p><\/div><\/div><div class=\"wgl-accordion_panel\"><h4 id=\"wgl-accordion_header-7727\" class=\"wgl-accordion_header\" data-default=\"\"><span class=\"wgl-accordion_title\">QUANDO INIZIANO I CORSI?<\/span><i class=\"wgl-accordion_icon elementor-icon \"><\/i><\/h4><div class=\"wgl-accordion_content\"><p><span>I corsi non seguono il calendario scolastico: si pu\u00f2 iniziare in qualsiasi giorno e momento dell\u2019anno.<\/span><\/p><\/div><\/div><div class=\"wgl-accordion_panel\"><h4 id=\"wgl-accordion_header-7728\" class=\"wgl-accordion_header\" data-default=\"\"><span class=\"wgl-accordion_title\">QUALI CERTIFICAZIONI VENGONO RILASCIATE DALLA VOSTRA SCUOLA?<\/span><i class=\"wgl-accordion_icon elementor-icon \"><\/i><\/h4><div class=\"wgl-accordion_content\"><p><span>Alla fine di ogni corso, le scuole MyES rilasciano agli studenti la certificazione di frequenza relativa al livello raggiunto, secondo le direttive del quadro di riferimento europeo (da A2 a C2).<\/span><\/p><\/div><\/div><div class=\"wgl-accordion_panel\"><h4 id=\"wgl-accordion_header-7729\" class=\"wgl-accordion_header\" data-default=\"\"><span class=\"wgl-accordion_title\">NON HAI TROVATO CI\u00d2 CHE CERCAVI<\/span><i class=\"wgl-accordion_icon elementor-icon \"><\/i><\/h4><div class=\"wgl-accordion_content\"><p><span>Scrivi a\u00a0<\/span><a href=\"mailto:info@myes.it\" target=\"_blank\" rel=\"noopener\">info@myes.it<\/a><span>\u00a0e riceverai le risposte di cui hai bisogno, nel pi\u00f9 breve tempo possibile!<\/span><\/p><\/div><\/div><\/div>\t\t\t\t<\/div>\n\t\t\t\t<\/div>\n\t\t\t\t\t<\/div>\n\t\t<\/div>\n\t\t\t\t\t<\/div>\n\t\t<\/section>\n\t\t\t\t<\/div>\n\t\t","protected":false},"excerpt":{"rendered":"<p>F.A.Q Qui trovi le risposte a tutte le tue domande sul mondo MyES: un modo semplice e veloce per chiarirti le idee! PERCH\u00c9 MY ENGLISH SCHOOL \u00c8 DIVERSA DALLE ALTRE SCUOLE DI INGLESE? My English School \u00e8 la scuola su misura per te: sei tu a scegliere giorni e orari del corso di inglese, in [&hellip;]<\/p>\n","protected":false},"author":30,"featured_media":0,"parent":0,"menu_order":0,"comment_status":"closed","ping_status":"closed","template":"","meta":{"_acf_changed":false,"footnotes":""},"class_list":["post-189318","page","type-page","status-publish","hentry"],"acf":[],"yoast_head":"<!-- This site is optimized with the Yoast SEO Premium plugin v26.4 (Yoast SEO v26.4) - https:\/\/yoast.com\/wordpress\/plugins\/seo\/ -->\n<title>Le domande pi\u00f9 frequenti - My English School\u2122<\/title>\n<meta name=\"description\" content=\"Hai qualche domanda sui nostri corsi di inglese? Scopri tutte le domande pi\u00f9 frequenti e liberati da ogni dubbio! Visita il sito di My English School ora!\" \/>\n<meta name=\"robots\" content=\"index, follow, max-snippet:-1, max-image-preview:large, max-video-preview:-1\" \/>\n<meta property=\"og:locale\" content=\"en_US\" \/>\n<meta property=\"og:type\" content=\"article\" \/>\n<meta property=\"og:title\" content=\"FAQ\" \/>\n<meta property=\"og:description\" content=\"Hai qualche domanda sui nostri corsi di inglese? Scopri tutte le domande pi\u00f9 frequenti e liberati da ogni dubbio! Visita il sito di My English School ora!\" \/>\n<meta property=\"og:url\" content=\"https:\/\/www.myes.school\/ch\/domande-e-risposte\/\" \/>\n<meta property=\"og:site_name\" content=\"My English School\u2122\" \/>\n<meta property=\"article:publisher\" content=\"https:\/\/www.facebook.com\/MyEnglishSchool\" \/>\n<meta name=\"twitter:card\" content=\"summary_large_image\" \/>\n<meta name=\"twitter:label1\" content=\"Est. reading time\" \/>\n\t<meta name=\"twitter:data1\" content=\"2 minutes\" \/>\n<script type=\"application\/ld+json\" class=\"yoast-schema-graph\">{\"@context\":\"https:\/\/schema.org\",\"@graph\":[{\"@type\":\"WebPage\",\"@id\":\"https:\/\/www.myes.school\/ch\/domande-e-risposte\/\",\"url\":\"https:\/\/www.myes.school\/ch\/domande-e-risposte\/\",\"name\":\"Le domande pi\u00f9 frequenti - My English School\u2122\",\"isPartOf\":{\"@id\":\"https:\/\/www.myes.school\/ch\/#website\"},\"datePublished\":\"2022-05-23T10:12:40+00:00\",\"description\":\"Hai qualche domanda sui nostri corsi di inglese? Scopri tutte le domande pi\u00f9 frequenti e liberati da ogni dubbio! Visita il sito di My English School ora!\",\"breadcrumb\":{\"@id\":\"https:\/\/www.myes.school\/ch\/domande-e-risposte\/#breadcrumb\"},\"inLanguage\":\"ch-CH\",\"potentialAction\":[{\"@type\":\"ReadAction\",\"target\":[\"https:\/\/www.myes.school\/ch\/domande-e-risposte\/\"]}]},{\"@type\":\"BreadcrumbList\",\"@id\":\"https:\/\/www.myes.school\/ch\/domande-e-risposte\/#breadcrumb\",\"itemListElement\":[{\"@type\":\"ListItem\",\"position\":1,\"name\":\"Home\",\"item\":\"https:\/\/www.myes.school\/ch\/\"},{\"@type\":\"ListItem\",\"position\":2,\"name\":\"FAQ\"}]},{\"@type\":\"WebSite\",\"@id\":\"https:\/\/www.myes.school\/ch\/#website\",\"url\":\"https:\/\/www.myes.school\/ch\/\",\"name\":\"My English School\u2122\",\"description\":\"\",\"publisher\":{\"@id\":\"https:\/\/www.myes.school\/ch\/#organization\"},\"potentialAction\":[{\"@type\":\"SearchAction\",\"target\":{\"@type\":\"EntryPoint\",\"urlTemplate\":\"https:\/\/www.myes.school\/ch\/?s={search_term_string}\"},\"query-input\":{\"@type\":\"PropertyValueSpecification\",\"valueRequired\":true,\"valueName\":\"search_term_string\"}}],\"inLanguage\":\"ch-CH\"},{\"@type\":\"Organization\",\"@id\":\"https:\/\/www.myes.school\/ch\/#organization\",\"name\":\"My English School\u2122\",\"url\":\"https:\/\/www.myes.school\/ch\/\",\"logo\":{\"@type\":\"ImageObject\",\"inLanguage\":\"ch-CH\",\"@id\":\"https:\/\/www.myes.school\/ch\/#\/schema\/logo\/image\/\",\"url\":\"https:\/\/www.myes.school\/wp-content\/uploads\/2023\/12\/Logo-MyES-Square.png\",\"contentUrl\":\"https:\/\/www.myes.school\/wp-content\/uploads\/2023\/12\/Logo-MyES-Square.png\",\"width\":1080,\"height\":1080,\"caption\":\"My English School\u2122\"},\"image\":{\"@id\":\"https:\/\/www.myes.school\/ch\/#\/schema\/logo\/image\/\"},\"sameAs\":[\"https:\/\/www.facebook.com\/MyEnglishSchool\"]}]}<\/script>\n<!-- \/ Yoast SEO Premium plugin. -->","yoast_head_json":{"title":"Le domande pi\u00f9 frequenti - My English School\u2122","description":"Hai qualche domanda sui nostri corsi di inglese? Scopri tutte le domande pi\u00f9 frequenti e liberati da ogni dubbio! Visita il sito di My English School ora!","robots":{"index":"index","follow":"follow","max-snippet":"max-snippet:-1","max-image-preview":"max-image-preview:large","max-video-preview":"max-video-preview:-1"},"og_locale":"en_US","og_type":"article","og_title":"FAQ","og_description":"Hai qualche domanda sui nostri corsi di inglese? Scopri tutte le domande pi\u00f9 frequenti e liberati da ogni dubbio! Visita il sito di My English School ora!","og_url":"https:\/\/www.myes.school\/ch\/domande-e-risposte\/","og_site_name":"My English School\u2122","article_publisher":"https:\/\/www.facebook.com\/MyEnglishSchool","twitter_card":"summary_large_image","twitter_misc":{"Est. reading time":"2 minutes"},"schema":{"@context":"https:\/\/schema.org","@graph":[{"@type":"WebPage","@id":"https:\/\/www.myes.school\/ch\/domande-e-risposte\/","url":"https:\/\/www.myes.school\/ch\/domande-e-risposte\/","name":"Le domande pi\u00f9 frequenti - My English School\u2122","isPartOf":{"@id":"https:\/\/www.myes.school\/ch\/#website"},"datePublished":"2022-05-23T10:12:40+00:00","description":"Hai qualche domanda sui nostri corsi di inglese? Scopri tutte le domande pi\u00f9 frequenti e liberati da ogni dubbio! Visita il sito di My English School ora!","breadcrumb":{"@id":"https:\/\/www.myes.school\/ch\/domande-e-risposte\/#breadcrumb"},"inLanguage":"ch-CH","potentialAction":[{"@type":"ReadAction","target":["https:\/\/www.myes.school\/ch\/domande-e-risposte\/"]}]},{"@type":"BreadcrumbList","@id":"https:\/\/www.myes.school\/ch\/domande-e-risposte\/#breadcrumb","itemListElement":[{"@type":"ListItem","position":1,"name":"Home","item":"https:\/\/www.myes.school\/ch\/"},{"@type":"ListItem","position":2,"name":"FAQ"}]},{"@type":"WebSite","@id":"https:\/\/www.myes.school\/ch\/#website","url":"https:\/\/www.myes.school\/ch\/","name":"My English School\u2122","description":"","publisher":{"@id":"https:\/\/www.myes.school\/ch\/#organization"},"potentialAction":[{"@type":"SearchAction","target":{"@type":"EntryPoint","urlTemplate":"https:\/\/www.myes.school\/ch\/?s={search_term_string}"},"query-input":{"@type":"PropertyValueSpecification","valueRequired":true,"valueName":"search_term_string"}}],"inLanguage":"ch-CH"},{"@type":"Organization","@id":"https:\/\/www.myes.school\/ch\/#organization","name":"My English School\u2122","url":"https:\/\/www.myes.school\/ch\/","logo":{"@type":"ImageObject","inLanguage":"ch-CH","@id":"https:\/\/www.myes.school\/ch\/#\/schema\/logo\/image\/","url":"https:\/\/www.myes.school\/wp-content\/uploads\/2023\/12\/Logo-MyES-Square.png","contentUrl":"https:\/\/www.myes.school\/wp-content\/uploads\/2023\/12\/Logo-MyES-Square.png","width":1080,"height":1080,"caption":"My English School\u2122"},"image":{"@id":"https:\/\/www.myes.school\/ch\/#\/schema\/logo\/image\/"},"sameAs":["https:\/\/www.facebook.com\/MyEnglishSchool"]}]}},"_links":{"self":[{"href":"https:\/\/www.myes.school\/ch\/wp-json\/wp\/v2\/pages\/189318","targetHints":{"allow":["GET"]}}],"collection":[{"href":"https:\/\/www.myes.school\/ch\/wp-json\/wp\/v2\/pages"}],"about":[{"href":"https:\/\/www.myes.school\/ch\/wp-json\/wp\/v2\/types\/page"}],"author":[{"embeddable":true,"href":"https:\/\/www.myes.school\/ch\/wp-json\/wp\/v2\/users\/30"}],"replies":[{"embeddable":true,"href":"https:\/\/www.myes.school\/ch\/wp-json\/wp\/v2\/comments?post=189318"}],"version-history":[{"count":0,"href":"https:\/\/www.myes.school\/ch\/wp-json\/wp\/v2\/pages\/189318\/revisions"}],"wp:attachment":[{"href":"https:\/\/www.myes.school\/ch\/wp-json\/wp\/v2\/media?parent=189318"}],"curies":[{"name":"wp","href":"https:\/\/api.w.org\/{rel}","templated":true}]}}